{"id":906,"date":"2024-06-24T15:06:20","date_gmt":"2024-06-24T13:06:20","guid":{"rendered":"https:\/\/brasserie-restaurant-la-mazarine.fr\/?page_id=906"},"modified":"2024-06-28T11:34:18","modified_gmt":"2024-06-28T09:34:18","slug":"reserver-une-table","status":"publish","type":"page","link":"https:\/\/brasserie-restaurant-la-mazarine.fr\/?page_id=906","title":{"rendered":"R\u00e9server une table"},"content":{"rendered":"\n[et_pb_section fb_built=\u00a0\u00bb1&Prime; _builder_version=\u00a0\u00bb4.22.1&Prime; _module_preset=\u00a0\u00bbdefault\u00a0\u00bb background_enable_color=\u00a0\u00bboff\u00a0\u00bb background_enable_image=\u00a0\u00bboff\u00a0\u00bb custom_padding=\u00a0\u00bb0px||77px|||\u00a0\u00bb background_last_edited=\u00a0\u00bboff|desktop\u00a0\u00bb background_image_phone=\u00a0\u00bbhttp:\/\/brasserie-restaurant-la-mazarine.fr\/wp-content\/uploads\/2024\/06\/Roots-fond-mobile.jpg\u00a0\u00bb background_enable_image_phone=\u00a0\u00bbon\u00a0\u00bb global_colors_info=\u00a0\u00bb{}\u00a0\u00bb][et_pb_row _builder_version=\u00a0\u00bb4.17.4&Prime; _module_preset=\u00a0\u00bbdefault\u00a0\u00bb custom_padding=\u00a0\u00bb||0px|||\u00a0\u00bb global_colors_info=\u00a0\u00bb{}\u00a0\u00bb][et_pb_column type=\u00a0\u00bb4_4&Prime; _builder_version=\u00a0\u00bb4.17.4&Prime; _module_preset=\u00a0\u00bbdefault\u00a0\u00bb global_colors_info=\u00a0\u00bb{}\u00a0\u00bb][et_pb_text _builder_version=\u00a0\u00bb4.22.1&Prime; _module_preset=\u00a0\u00bbdefault\u00a0\u00bb text_font=\u00a0\u00bbAbyssinica SIL|||on|||||\u00a0\u00bb text_font_size=\u00a0\u00bb17px\u00a0\u00bb header_font=\u00a0\u00bbBree Serif||||||||\u00a0\u00bb header_text_color=\u00a0\u00bb#003057&Prime; header_font_size=\u00a0\u00bb37px\u00a0\u00bb header_letter_spacing=\u00a0\u00bb2px\u00a0\u00bb header_line_height=\u00a0\u00bb1.2em\u00a0\u00bb text_orientation=\u00a0\u00bbcenter\u00a0\u00bb custom_margin=\u00a0\u00bb5px||1px||false|false\u00a0\u00bb custom_margin_tablet=\u00a0\u00bb5px||1px||false|false\u00a0\u00bb custom_margin_phone=\u00a0\u00bb5px||1px||false|false\u00a0\u00bb custom_margin_last_edited=\u00a0\u00bbon|desktop\u00a0\u00bb custom_padding=\u00a0\u00bb||26px|||\u00a0\u00bb header_font_size_tablet=\u00a0\u00bb28px\u00a0\u00bb header_font_size_phone=\u00a0\u00bb32px\u00a0\u00bb header_font_size_last_edited=\u00a0\u00bbon|phone\u00a0\u00bb global_colors_info=\u00a0\u00bb{}\u00a0\u00bb]<h1>R\u00e9servation<\/h1>[\/et_pb_text][\/et_pb_column][\/et_pb_row][et_pb_row _builder_version=\u00a0\u00bb4.22.1&Prime; _module_preset=\u00a0\u00bbdefault\u00a0\u00bb background_color=\u00a0\u00bb#FFFFFF\u00a0\u00bb width=\u00a0\u00bb77%\u00a0\u00bb width_tablet=\u00a0\u00bb77%\u00a0\u00bb width_phone=\u00a0\u00bb95%\u00a0\u00bb width_last_edited=\u00a0\u00bbon|desktop\u00a0\u00bb module_alignment=\u00a0\u00bbcenter\u00a0\u00bb custom_margin=\u00a0\u00bb||||false|true\u00a0\u00bb custom_padding=\u00a0\u00bb|28px||28px|false|true\u00a0\u00bb border_radii=\u00a0\u00bbon|6px|6px|6px|6px\u00a0\u00bb border_width_all=\u00a0\u00bb1px\u00a0\u00bb border_color_all=\u00a0\u00bb#e7bd70&Prime; box_shadow_style=\u00a0\u00bbpreset1&Prime; box_shadow_color=\u00a0\u00bbrgba(0,0,0,0.1)\u00a0\u00bb global_colors_info=\u00a0\u00bb{}\u00a0\u00bb][et_pb_column type=\u00a0\u00bb4_4&Prime; _builder_version=\u00a0\u00bb4.24.2&Prime; _module_preset=\u00a0\u00bbdefault\u00a0\u00bb global_colors_info=\u00a0\u00bb{}\u00a0\u00bb][et_pb_code _builder_version=\u00a0\u00bb4.24.2&Prime; _module_preset=\u00a0\u00bbdefault\u00a0\u00bb global_colors_info=\u00a0\u00bb{}\u00a0\u00bb]<link rel='stylesheet' media=\"all\" href=\"https:\/\/brasserie-restaurant-la-mazarine.fr\/wp-content\/plugins\/appointment-hour-booking\/templates\/08\/style.css\" type=\"text\/css\" \/><form class=\"cpp_form no-prefetch\" name=\"cp_appbooking_pform_1\" id=\"cp_appbooking_pform_1\" action=\"\" method=\"post\" enctype=\"multipart\/form-data\" onsubmit=\"return cp_appbooking_pform_doValidate_1(this);\"><input type=\"hidden\" name=\"cp_pform_psequence\" value=\"_1\" \/><input type=\"hidden\" name=\"cp_appbooking_pform_process\" value=\"1\" \/><input type=\"hidden\" name=\"cp_appbooking_id\" value=\"1\" \/><input type=\"hidden\" name=\"cp_ref_page\" value=\"\" \/><input type=\"hidden\" name=\"form_structure_1\" id=\"form_structure_1\" size=\"180\" value=\"[[{&quot;form_identifier&quot;:&quot;&quot;,&quot;name&quot;:&quot;fieldname1&quot;,&quot;shortlabel&quot;:&quot;&quot;,&quot;index&quot;:0,&quot;ftype&quot;:&quot;fapp&quot;,&quot;userhelp&quot;:&quot;&quot;,&quot;userhelpTooltip&quot;:&quot;&quot;,&quot;csslayout&quot;:&quot;&quot;,&quot;title&quot;:&quot;Calendrier de r\\u00e9servation&quot;,&quot;services&quot;:[{&quot;name&quot;:&quot;Date et Horaire&quot;,&quot;price&quot;:1,&quot;capacity&quot;:&quot;10&quot;,&quot;duration&quot;:&quot;15&quot;,&quot;pb&quot;:0,&quot;pa&quot;:0,&quot;ohindex&quot;:0,&quot;idx&quot;:1}],&quot;openhours&quot;:[],&quot;allOH&quot;:[{&quot;name&quot;:&quot;Default&quot;,&quot;openhours&quot;:[{&quot;type&quot;:&quot;all&quot;,&quot;d&quot;:&quot;&quot;,&quot;h1&quot;:8,&quot;m1&quot;:0,&quot;h2&quot;:17,&quot;m2&quot;:0},{&quot;type&quot;:&quot;special&quot;,&quot;d&quot;:&quot;2026-04-05&quot;,&quot;h1&quot;:8,&quot;m1&quot;:0,&quot;h2&quot;:17,&quot;m2&quot;:0}]}],&quot;dateFormat&quot;:&quot;dd\\\/mm\\\/yy&quot;,&quot;showDropdown&quot;:false,&quot;showTotalCost&quot;:false,&quot;showTotalCostFormat&quot;:&quot;$ {0}&quot;,&quot;showEndTime&quot;:false,&quot;showQuantity&quot;:false,&quot;usedSlotsCheckbox&quot;:false,&quot;avoidOverlaping&quot;:true,&quot;emptySelectCheckbox&quot;:false,&quot;emptySelect&quot;:&quot;-- Please select service --&quot;,&quot;dropdownRange&quot;:&quot;-10:+10&quot;,&quot;working_dates&quot;:[false,true,true,true,true,true,true],&quot;numberOfMonths&quot;:1,&quot;maxNumberOfApp&quot;:&quot;1&quot;,&quot;firstDay&quot;:0,&quot;minDate&quot;:&quot;0&quot;,&quot;maxDate&quot;:&quot;&quot;,&quot;defaultDate&quot;:&quot;&quot;,&quot;invalidDates&quot;:&quot;&quot;,&quot;tmpinvalidDates&quot;:&quot;&quot;,&quot;required&quot;:true,&quot;bSlotsCheckbox&quot;:true,&quot;bSlots&quot;:30,&quot;militaryTime&quot;:1,&quot;autonum&quot;:1,&quot;autonumStaff&quot;:0,&quot;fBuild&quot;:{},&quot;special_days&quot;:[&quot;2026-04-05&quot;],&quot;minDateTmp&quot;:&quot;0&quot;,&quot;getMinDate&quot;:{},&quot;tmpinvalidDatestime&quot;:[]},{&quot;form_identifier&quot;:&quot;&quot;,&quot;name&quot;:&quot;fieldname2&quot;,&quot;shortlabel&quot;:&quot;&quot;,&quot;index&quot;:1,&quot;ftype&quot;:&quot;ftext&quot;,&quot;userhelp&quot;:&quot;&quot;,&quot;userhelpTooltip&quot;:&quot;&quot;,&quot;csslayout&quot;:&quot;&quot;,&quot;title&quot;:&quot;Nom de la r\\u00e9servation&quot;,&quot;predefined&quot;:&quot;&quot;,&quot;predefinedClick&quot;:false,&quot;required&quot;:true,&quot;size&quot;:&quot;medium&quot;,&quot;minlength&quot;:&quot;&quot;,&quot;maxlength&quot;:&quot;&quot;,&quot;equalTo&quot;:&quot;&quot;,&quot;fBuild&quot;:{}},{&quot;form_identifier&quot;:&quot;&quot;,&quot;name&quot;:&quot;fieldname3&quot;,&quot;shortlabel&quot;:&quot;&quot;,&quot;index&quot;:2,&quot;ftype&quot;:&quot;ftext&quot;,&quot;userhelp&quot;:&quot;&quot;,&quot;userhelpTooltip&quot;:&quot;&quot;,&quot;csslayout&quot;:&quot;&quot;,&quot;title&quot;:&quot;Combien de personne(s) ?&quot;,&quot;predefined&quot;:&quot;&quot;,&quot;predefinedClick&quot;:false,&quot;required&quot;:true,&quot;size&quot;:&quot;small&quot;,&quot;minlength&quot;:&quot;&quot;,&quot;maxlength&quot;:&quot;&quot;,&quot;equalTo&quot;:&quot;&quot;,&quot;fBuild&quot;:{}},{&quot;form_identifier&quot;:&quot;&quot;,&quot;name&quot;:&quot;fieldname4&quot;,&quot;shortlabel&quot;:&quot;&quot;,&quot;index&quot;:3,&quot;ftype&quot;:&quot;ftext&quot;,&quot;userhelp&quot;:&quot;&quot;,&quot;userhelpTooltip&quot;:&quot;&quot;,&quot;csslayout&quot;:&quot;&quot;,&quot;title&quot;:&quot;Table ext\\u00e9rieure ou int\\u00e9rieure ?&quot;,&quot;predefined&quot;:&quot;&quot;,&quot;predefinedClick&quot;:false,&quot;required&quot;:true,&quot;size&quot;:&quot;small&quot;,&quot;minlength&quot;:&quot;&quot;,&quot;maxlength&quot;:&quot;&quot;,&quot;equalTo&quot;:&quot;&quot;,&quot;fBuild&quot;:{}},{&quot;form_identifier&quot;:&quot;&quot;,&quot;name&quot;:&quot;fieldname5&quot;,&quot;shortlabel&quot;:&quot;&quot;,&quot;index&quot;:4,&quot;ftype&quot;:&quot;ftext&quot;,&quot;userhelp&quot;:&quot;&quot;,&quot;userhelpTooltip&quot;:&quot;&quot;,&quot;csslayout&quot;:&quot;&quot;,&quot;title&quot;:&quot;Num\\u00e9ro de t\\u00e9l\\u00e9phone&quot;,&quot;predefined&quot;:&quot;&quot;,&quot;predefinedClick&quot;:false,&quot;required&quot;:true,&quot;size&quot;:&quot;medium&quot;,&quot;minlength&quot;:&quot;&quot;,&quot;maxlength&quot;:&quot;&quot;,&quot;equalTo&quot;:&quot;&quot;,&quot;fBuild&quot;:{}},{&quot;form_identifier&quot;:&quot;&quot;,&quot;name&quot;:&quot;email&quot;,&quot;shortlabel&quot;:&quot;&quot;,&quot;index&quot;:5,&quot;ftype&quot;:&quot;femail&quot;,&quot;userhelp&quot;:&quot;&quot;,&quot;userhelpTooltip&quot;:&quot;&quot;,&quot;csslayout&quot;:&quot;&quot;,&quot;title&quot;:&quot;Adresse mail&quot;,&quot;predefined&quot;:&quot;&quot;,&quot;predefinedClick&quot;:false,&quot;required&quot;:true,&quot;size&quot;:&quot;large&quot;,&quot;equalTo&quot;:&quot;&quot;,&quot;fBuild&quot;:{}},{&quot;form_identifier&quot;:&quot;&quot;,&quot;name&quot;:&quot;fieldname6&quot;,&quot;shortlabel&quot;:&quot;&quot;,&quot;index&quot;:6,&quot;ftype&quot;:&quot;ftext&quot;,&quot;userhelp&quot;:&quot;&quot;,&quot;userhelpTooltip&quot;:&quot;&quot;,&quot;csslayout&quot;:&quot;&quot;,&quot;title&quot;:&quot;Information(s) compl\\u00e9mentaire(s)&quot;,&quot;predefined&quot;:&quot;&quot;,&quot;predefinedClick&quot;:false,&quot;required&quot;:false,&quot;size&quot;:&quot;large&quot;,&quot;minlength&quot;:&quot;&quot;,&quot;maxlength&quot;:&quot;&quot;,&quot;equalTo&quot;:&quot;&quot;,&quot;fBuild&quot;:{}}],[{&quot;title&quot;:&quot;R\\u00e9server une table&quot;,&quot;description&quot;:&quot;Brasserie Restaurant La Mazarine&quot;,&quot;formlayout&quot;:&quot;center_aligned&quot;,&quot;formtemplate&quot;:&quot;ahb_m2&quot;,&quot;evalequations&quot;:1,&quot;autocomplete&quot;:1,&quot;autofocus&quot;:false}]]\" \/><input type=\"hidden\" name=\"refpage_1\" id=\"refpage_1\" value=\"\"><input type=\"hidden\" name=\"cp_appbooking_pform_status\" value=\"0\" \/><input name=\"anonce\" type=\"hidden\" value=\"7ff83bcc3c\"\/>\r\n<div id=\"fbuilder\">\r\n    <div id=\"fbuilder_1\">\r\n        <div id=\"formheader_1\"><\/div>\r\n        <div id=\"fieldlist_1\"><\/div>\r\n    <\/div>\r\n<\/div>\r\n<div style=\"display:none\">\r\n<div id=\"cpcaptchalayer_1\" class=\"cpcaptchalayer\">\r\n <div class=\"fields\" id=\"field-c0\" style=\"display:none\">\r\n    <label><\/label>\r\n    <div class=\"dfield\"><!--addons-payment-options--><\/div>\r\n    <div class=\"clearer\"><\/div>\r\n <\/div>\r\n<!-- rcadon -->\r\n<\/div>\r\n<\/div>\r\n<div id=\"cp_subbtn_1\" class=\"cp_subbtn\">Envoyer ma r\u00e9servation<\/div>\r\n<div style=\"clear:both;\"><\/div>\r\n<\/form>\r\n[\/et_pb_code][\/et_pb_column][\/et_pb_row][\/et_pb_section]\n","protected":false},"excerpt":{"rendered":"<p>R\u00e9servation<link rel='stylesheet' media=\"all\" href=\"https:\/\/brasserie-restaurant-la-mazarine.fr\/wp-content\/plugins\/appointment-hour-booking\/templates\/08\/style.css\" type=\"text\/css\" \/><form class=\"cpp_form no-prefetch\" name=\"cp_appbooking_pform_2\" id=\"cp_appbooking_pform_2\" action=\"\" method=\"post\" enctype=\"multipart\/form-data\" onsubmit=\"return cp_appbooking_pform_doValidate_2(this);\"><input type=\"hidden\" name=\"cp_pform_psequence\" value=\"_2\" \/><input type=\"hidden\" name=\"cp_appbooking_pform_process\" value=\"1\" \/><input type=\"hidden\" name=\"cp_appbooking_id\" value=\"1\" \/><input type=\"hidden\" name=\"cp_ref_page\" value=\"\" \/><input type=\"hidden\" name=\"form_structure_2\" id=\"form_structure_2\" size=\"180\" value=\"[[{&quot;form_identifier&quot;:&quot;&quot;,&quot;name&quot;:&quot;fieldname1&quot;,&quot;shortlabel&quot;:&quot;&quot;,&quot;index&quot;:0,&quot;ftype&quot;:&quot;fapp&quot;,&quot;userhelp&quot;:&quot;&quot;,&quot;userhelpTooltip&quot;:&quot;&quot;,&quot;csslayout&quot;:&quot;&quot;,&quot;title&quot;:&quot;Calendrier de r\\u00e9servation&quot;,&quot;services&quot;:[{&quot;name&quot;:&quot;Date et Horaire&quot;,&quot;price&quot;:1,&quot;capacity&quot;:&quot;10&quot;,&quot;duration&quot;:&quot;15&quot;,&quot;pb&quot;:0,&quot;pa&quot;:0,&quot;ohindex&quot;:0,&quot;idx&quot;:1}],&quot;openhours&quot;:[],&quot;allOH&quot;:[{&quot;name&quot;:&quot;Default&quot;,&quot;openhours&quot;:[{&quot;type&quot;:&quot;all&quot;,&quot;d&quot;:&quot;&quot;,&quot;h1&quot;:8,&quot;m1&quot;:0,&quot;h2&quot;:17,&quot;m2&quot;:0},{&quot;type&quot;:&quot;special&quot;,&quot;d&quot;:&quot;2026-04-05&quot;,&quot;h1&quot;:8,&quot;m1&quot;:0,&quot;h2&quot;:17,&quot;m2&quot;:0}]}],&quot;dateFormat&quot;:&quot;dd\\\/mm\\\/yy&quot;,&quot;showDropdown&quot;:false,&quot;showTotalCost&quot;:false,&quot;showTotalCostFormat&quot;:&quot;$ {0}&quot;,&quot;showEndTime&quot;:false,&quot;showQuantity&quot;:false,&quot;usedSlotsCheckbox&quot;:false,&quot;avoidOverlaping&quot;:true,&quot;emptySelectCheckbox&quot;:false,&quot;emptySelect&quot;:&quot;-- Please select service --&quot;,&quot;dropdownRange&quot;:&quot;-10:+10&quot;,&quot;working_dates&quot;:[false,true,true,true,true,true,true],&quot;numberOfMonths&quot;:1,&quot;maxNumberOfApp&quot;:&quot;1&quot;,&quot;firstDay&quot;:0,&quot;minDate&quot;:&quot;0&quot;,&quot;maxDate&quot;:&quot;&quot;,&quot;defaultDate&quot;:&quot;&quot;,&quot;invalidDates&quot;:&quot;&quot;,&quot;tmpinvalidDates&quot;:&quot;&quot;,&quot;required&quot;:true,&quot;bSlotsCheckbox&quot;:true,&quot;bSlots&quot;:30,&quot;militaryTime&quot;:1,&quot;autonum&quot;:1,&quot;autonumStaff&quot;:0,&quot;fBuild&quot;:{},&quot;special_days&quot;:[&quot;2026-04-05&quot;],&quot;minDateTmp&quot;:&quot;0&quot;,&quot;getMinDate&quot;:{},&quot;tmpinvalidDatestime&quot;:[]},{&quot;form_identifier&quot;:&quot;&quot;,&quot;name&quot;:&quot;fieldname2&quot;,&quot;shortlabel&quot;:&quot;&quot;,&quot;index&quot;:1,&quot;ftype&quot;:&quot;ftext&quot;,&quot;userhelp&quot;:&quot;&quot;,&quot;userhelpTooltip&quot;:&quot;&quot;,&quot;csslayout&quot;:&quot;&quot;,&quot;title&quot;:&quot;Nom de la r\\u00e9servation&quot;,&quot;predefined&quot;:&quot;&quot;,&quot;predefinedClick&quot;:false,&quot;required&quot;:true,&quot;size&quot;:&quot;medium&quot;,&quot;minlength&quot;:&quot;&quot;,&quot;maxlength&quot;:&quot;&quot;,&quot;equalTo&quot;:&quot;&quot;,&quot;fBuild&quot;:{}},{&quot;form_identifier&quot;:&quot;&quot;,&quot;name&quot;:&quot;fieldname3&quot;,&quot;shortlabel&quot;:&quot;&quot;,&quot;index&quot;:2,&quot;ftype&quot;:&quot;ftext&quot;,&quot;userhelp&quot;:&quot;&quot;,&quot;userhelpTooltip&quot;:&quot;&quot;,&quot;csslayout&quot;:&quot;&quot;,&quot;title&quot;:&quot;Combien de personne(s) ?&quot;,&quot;predefined&quot;:&quot;&quot;,&quot;predefinedClick&quot;:false,&quot;required&quot;:true,&quot;size&quot;:&quot;small&quot;,&quot;minlength&quot;:&quot;&quot;,&quot;maxlength&quot;:&quot;&quot;,&quot;equalTo&quot;:&quot;&quot;,&quot;fBuild&quot;:{}},{&quot;form_identifier&quot;:&quot;&quot;,&quot;name&quot;:&quot;fieldname4&quot;,&quot;shortlabel&quot;:&quot;&quot;,&quot;index&quot;:3,&quot;ftype&quot;:&quot;ftext&quot;,&quot;userhelp&quot;:&quot;&quot;,&quot;userhelpTooltip&quot;:&quot;&quot;,&quot;csslayout&quot;:&quot;&quot;,&quot;title&quot;:&quot;Table ext\\u00e9rieure ou int\\u00e9rieure ?&quot;,&quot;predefined&quot;:&quot;&quot;,&quot;predefinedClick&quot;:false,&quot;required&quot;:true,&quot;size&quot;:&quot;small&quot;,&quot;minlength&quot;:&quot;&quot;,&quot;maxlength&quot;:&quot;&quot;,&quot;equalTo&quot;:&quot;&quot;,&quot;fBuild&quot;:{}},{&quot;form_identifier&quot;:&quot;&quot;,&quot;name&quot;:&quot;fieldname5&quot;,&quot;shortlabel&quot;:&quot;&quot;,&quot;index&quot;:4,&quot;ftype&quot;:&quot;ftext&quot;,&quot;userhelp&quot;:&quot;&quot;,&quot;userhelpTooltip&quot;:&quot;&quot;,&quot;csslayout&quot;:&quot;&quot;,&quot;title&quot;:&quot;Num\\u00e9ro de t\\u00e9l\\u00e9phone&quot;,&quot;predefined&quot;:&quot;&quot;,&quot;predefinedClick&quot;:false,&quot;required&quot;:true,&quot;size&quot;:&quot;medium&quot;,&quot;minlength&quot;:&quot;&quot;,&quot;maxlength&quot;:&quot;&quot;,&quot;equalTo&quot;:&quot;&quot;,&quot;fBuild&quot;:{}},{&quot;form_identifier&quot;:&quot;&quot;,&quot;name&quot;:&quot;email&quot;,&quot;shortlabel&quot;:&quot;&quot;,&quot;index&quot;:5,&quot;ftype&quot;:&quot;femail&quot;,&quot;userhelp&quot;:&quot;&quot;,&quot;userhelpTooltip&quot;:&quot;&quot;,&quot;csslayout&quot;:&quot;&quot;,&quot;title&quot;:&quot;Adresse mail&quot;,&quot;predefined&quot;:&quot;&quot;,&quot;predefinedClick&quot;:false,&quot;required&quot;:true,&quot;size&quot;:&quot;large&quot;,&quot;equalTo&quot;:&quot;&quot;,&quot;fBuild&quot;:{}},{&quot;form_identifier&quot;:&quot;&quot;,&quot;name&quot;:&quot;fieldname6&quot;,&quot;shortlabel&quot;:&quot;&quot;,&quot;index&quot;:6,&quot;ftype&quot;:&quot;ftext&quot;,&quot;userhelp&quot;:&quot;&quot;,&quot;userhelpTooltip&quot;:&quot;&quot;,&quot;csslayout&quot;:&quot;&quot;,&quot;title&quot;:&quot;Information(s) compl\\u00e9mentaire(s)&quot;,&quot;predefined&quot;:&quot;&quot;,&quot;predefinedClick&quot;:false,&quot;required&quot;:false,&quot;size&quot;:&quot;large&quot;,&quot;minlength&quot;:&quot;&quot;,&quot;maxlength&quot;:&quot;&quot;,&quot;equalTo&quot;:&quot;&quot;,&quot;fBuild&quot;:{}}],[{&quot;title&quot;:&quot;R\\u00e9server une table&quot;,&quot;description&quot;:&quot;Brasserie Restaurant La Mazarine&quot;,&quot;formlayout&quot;:&quot;center_aligned&quot;,&quot;formtemplate&quot;:&quot;ahb_m2&quot;,&quot;evalequations&quot;:1,&quot;autocomplete&quot;:1,&quot;autofocus&quot;:false}]]\" \/><input type=\"hidden\" name=\"refpage_2\" id=\"refpage_2\" value=\"\"><input type=\"hidden\" name=\"cp_appbooking_pform_status\" value=\"0\" \/><input name=\"anonce\" type=\"hidden\" value=\"7ff83bcc3c\"\/>\r\n<div id=\"fbuilder\">\r\n    <div id=\"fbuilder_2\">\r\n        <div id=\"formheader_2\"><\/div>\r\n        <div id=\"fieldlist_2\"><\/div>\r\n    <\/div>\r\n<\/div>\r\n<div style=\"display:none\">\r\n<div id=\"cpcaptchalayer_2\" class=\"cpcaptchalayer\">\r\n <div class=\"fields\" id=\"field-c0\" style=\"display:none\">\r\n    <label><\/label>\r\n    <div class=\"dfield\"><!--addons-payment-options--><\/div>\r\n    <div class=\"clearer\"><\/div>\r\n <\/div>\r\n<!-- rcadon -->\r\n<\/div>\r\n<\/div>\r\n<div id=\"cp_subbtn_2\" class=\"cp_subbtn\">Envoyer ma r\u00e9servation<\/div>\r\n<div style=\"clear:both;\"><\/div>\r\n<\/form>\r\n<\/p>\n","protected":false},"author":1,"featured_media":0,"parent":0,"menu_order":0,"comment_status":"closed","ping_status":"closed","template":"","meta":{"_et_pb_use_builder":"on","_et_pb_old_content":"","_et_gb_content_width":"","_monsterinsights_skip_tracking":false,"_monsterinsights_sitenote_active":false,"_monsterinsights_sitenote_note":"","_monsterinsights_sitenote_category":0,"footnotes":""},"class_list":["post-906","page","type-page","status-publish","hentry"],"yoast_head":"<!-- This site is optimized with the Yoast SEO plugin v27.4 - https:\/\/yoast.com\/product\/yoast-seo-wordpress\/ -->\n<title>R\u00e9server une table - La Mazarine<\/title>\n<meta name=\"description\" content=\"R\u00e9servez une table \u00e0 la Brasserie Restaurant La Mazarine Les Milles ! Profitez d&#039;une cuisine authentique dans une ambiance conviviale.\" \/>\n<meta name=\"robots\" content=\"noindex, follow\" \/>\n<meta property=\"og:locale\" content=\"fr_FR\" \/>\n<meta property=\"og:type\" content=\"article\" \/>\n<meta property=\"og:title\" content=\"R\u00e9server une table - La Mazarine\" \/>\n<meta property=\"og:description\" content=\"R\u00e9servez une table \u00e0 la Brasserie Restaurant La Mazarine Les Milles ! Profitez d&#039;une cuisine authentique dans une ambiance conviviale.\" \/>\n<meta property=\"og:url\" content=\"https:\/\/brasserie-restaurant-la-mazarine.fr\/?page_id=906\" \/>\n<meta property=\"og:site_name\" content=\"La Mazarine\" \/>\n<meta property=\"article:modified_time\" content=\"2024-06-28T09:34:18+00:00\" \/>\n<meta name=\"twitter:card\" content=\"summary_large_image\" \/>\n<meta name=\"twitter:label1\" content=\"Dur\u00e9e de lecture estim\u00e9e\" \/>\n\t<meta name=\"twitter:data1\" content=\"1 minute\" \/>\n<script type=\"application\/ld+json\" class=\"yoast-schema-graph\">{\"@context\":\"https:\\\/\\\/schema.org\",\"@graph\":[{\"@type\":\"WebPage\",\"@id\":\"https:\\\/\\\/brasserie-restaurant-la-mazarine.fr\\\/?page_id=906\",\"url\":\"https:\\\/\\\/brasserie-restaurant-la-mazarine.fr\\\/?page_id=906\",\"name\":\"R\u00e9server une table - La Mazarine\",\"isPartOf\":{\"@id\":\"https:\\\/\\\/brasserie-restaurant-la-mazarine.fr\\\/#website\"},\"datePublished\":\"2024-06-24T13:06:20+00:00\",\"dateModified\":\"2024-06-28T09:34:18+00:00\",\"description\":\"R\u00e9servez une table \u00e0 la Brasserie Restaurant La Mazarine Les Milles ! Profitez d'une cuisine authentique dans une ambiance conviviale.\",\"breadcrumb\":{\"@id\":\"https:\\\/\\\/brasserie-restaurant-la-mazarine.fr\\\/?page_id=906#breadcrumb\"},\"inLanguage\":\"fr-FR\",\"potentialAction\":[{\"@type\":\"ReadAction\",\"target\":[\"https:\\\/\\\/brasserie-restaurant-la-mazarine.fr\\\/?page_id=906\"]}]},{\"@type\":\"BreadcrumbList\",\"@id\":\"https:\\\/\\\/brasserie-restaurant-la-mazarine.fr\\\/?page_id=906#breadcrumb\",\"itemListElement\":[{\"@type\":\"ListItem\",\"position\":1,\"name\":\"Accueil\",\"item\":\"https:\\\/\\\/brasserie-restaurant-la-mazarine.fr\\\/\"},{\"@type\":\"ListItem\",\"position\":2,\"name\":\"R\u00e9server une table\"}]},{\"@type\":\"WebSite\",\"@id\":\"https:\\\/\\\/brasserie-restaurant-la-mazarine.fr\\\/#website\",\"url\":\"https:\\\/\\\/brasserie-restaurant-la-mazarine.fr\\\/\",\"name\":\"La Mazarine\",\"description\":\"Brasserie Restaurant Les Milles\",\"publisher\":{\"@id\":\"https:\\\/\\\/brasserie-restaurant-la-mazarine.fr\\\/#organization\"},\"potentialAction\":[{\"@type\":\"SearchAction\",\"target\":{\"@type\":\"EntryPoint\",\"urlTemplate\":\"https:\\\/\\\/brasserie-restaurant-la-mazarine.fr\\\/?s={search_term_string}\"},\"query-input\":{\"@type\":\"PropertyValueSpecification\",\"valueRequired\":true,\"valueName\":\"search_term_string\"}}],\"inLanguage\":\"fr-FR\"},{\"@type\":\"Organization\",\"@id\":\"https:\\\/\\\/brasserie-restaurant-la-mazarine.fr\\\/#organization\",\"name\":\"La Mazarine\",\"url\":\"https:\\\/\\\/brasserie-restaurant-la-mazarine.fr\\\/\",\"logo\":{\"@type\":\"ImageObject\",\"inLanguage\":\"fr-FR\",\"@id\":\"https:\\\/\\\/brasserie-restaurant-la-mazarine.fr\\\/#\\\/schema\\\/logo\\\/image\\\/\",\"url\":\"https:\\\/\\\/brasserie-restaurant-la-mazarine.fr\\\/wp-content\\\/uploads\\\/2023\\\/11\\\/Brasserie-La-Mazarine-Les-Milles.png\",\"contentUrl\":\"https:\\\/\\\/brasserie-restaurant-la-mazarine.fr\\\/wp-content\\\/uploads\\\/2023\\\/11\\\/Brasserie-La-Mazarine-Les-Milles.png\",\"width\":500,\"height\":250,\"caption\":\"La Mazarine\"},\"image\":{\"@id\":\"https:\\\/\\\/brasserie-restaurant-la-mazarine.fr\\\/#\\\/schema\\\/logo\\\/image\\\/\"},\"sameAs\":[\"https:\\\/\\\/www.instagram.com\\\/brasserie.lamazarine\\\/?hl=fr\"]}]}<\/script>\n<!-- \/ Yoast SEO plugin. -->","yoast_head_json":{"title":"R\u00e9server une table - La Mazarine","description":"R\u00e9servez une table \u00e0 la Brasserie Restaurant La Mazarine Les Milles ! Profitez d'une cuisine authentique dans une ambiance conviviale.","robots":{"index":"noindex","follow":"follow"},"og_locale":"fr_FR","og_type":"article","og_title":"R\u00e9server une table - La Mazarine","og_description":"R\u00e9servez une table \u00e0 la Brasserie Restaurant La Mazarine Les Milles ! Profitez d'une cuisine authentique dans une ambiance conviviale.","og_url":"https:\/\/brasserie-restaurant-la-mazarine.fr\/?page_id=906","og_site_name":"La Mazarine","article_modified_time":"2024-06-28T09:34:18+00:00","twitter_card":"summary_large_image","twitter_misc":{"Dur\u00e9e de lecture estim\u00e9e":"1 minute"},"schema":{"@context":"https:\/\/schema.org","@graph":[{"@type":"WebPage","@id":"https:\/\/brasserie-restaurant-la-mazarine.fr\/?page_id=906","url":"https:\/\/brasserie-restaurant-la-mazarine.fr\/?page_id=906","name":"R\u00e9server une table - La Mazarine","isPartOf":{"@id":"https:\/\/brasserie-restaurant-la-mazarine.fr\/#website"},"datePublished":"2024-06-24T13:06:20+00:00","dateModified":"2024-06-28T09:34:18+00:00","description":"R\u00e9servez une table \u00e0 la Brasserie Restaurant La Mazarine Les Milles ! Profitez d'une cuisine authentique dans une ambiance conviviale.","breadcrumb":{"@id":"https:\/\/brasserie-restaurant-la-mazarine.fr\/?page_id=906#breadcrumb"},"inLanguage":"fr-FR","potentialAction":[{"@type":"ReadAction","target":["https:\/\/brasserie-restaurant-la-mazarine.fr\/?page_id=906"]}]},{"@type":"BreadcrumbList","@id":"https:\/\/brasserie-restaurant-la-mazarine.fr\/?page_id=906#breadcrumb","itemListElement":[{"@type":"ListItem","position":1,"name":"Accueil","item":"https:\/\/brasserie-restaurant-la-mazarine.fr\/"},{"@type":"ListItem","position":2,"name":"R\u00e9server une table"}]},{"@type":"WebSite","@id":"https:\/\/brasserie-restaurant-la-mazarine.fr\/#website","url":"https:\/\/brasserie-restaurant-la-mazarine.fr\/","name":"La Mazarine","description":"Brasserie Restaurant Les Milles","publisher":{"@id":"https:\/\/brasserie-restaurant-la-mazarine.fr\/#organization"},"potentialAction":[{"@type":"SearchAction","target":{"@type":"EntryPoint","urlTemplate":"https:\/\/brasserie-restaurant-la-mazarine.fr\/?s={search_term_string}"},"query-input":{"@type":"PropertyValueSpecification","valueRequired":true,"valueName":"search_term_string"}}],"inLanguage":"fr-FR"},{"@type":"Organization","@id":"https:\/\/brasserie-restaurant-la-mazarine.fr\/#organization","name":"La Mazarine","url":"https:\/\/brasserie-restaurant-la-mazarine.fr\/","logo":{"@type":"ImageObject","inLanguage":"fr-FR","@id":"https:\/\/brasserie-restaurant-la-mazarine.fr\/#\/schema\/logo\/image\/","url":"https:\/\/brasserie-restaurant-la-mazarine.fr\/wp-content\/uploads\/2023\/11\/Brasserie-La-Mazarine-Les-Milles.png","contentUrl":"https:\/\/brasserie-restaurant-la-mazarine.fr\/wp-content\/uploads\/2023\/11\/Brasserie-La-Mazarine-Les-Milles.png","width":500,"height":250,"caption":"La Mazarine"},"image":{"@id":"https:\/\/brasserie-restaurant-la-mazarine.fr\/#\/schema\/logo\/image\/"},"sameAs":["https:\/\/www.instagram.com\/brasserie.lamazarine\/?hl=fr"]}]}},"_links":{"self":[{"href":"https:\/\/brasserie-restaurant-la-mazarine.fr\/index.php?rest_route=\/wp\/v2\/pages\/906","targetHints":{"allow":["GET"]}}],"collection":[{"href":"https:\/\/brasserie-restaurant-la-mazarine.fr\/index.php?rest_route=\/wp\/v2\/pages"}],"about":[{"href":"https:\/\/brasserie-restaurant-la-mazarine.fr\/index.php?rest_route=\/wp\/v2\/types\/page"}],"author":[{"embeddable":true,"href":"https:\/\/brasserie-restaurant-la-mazarine.fr\/index.php?rest_route=\/wp\/v2\/users\/1"}],"replies":[{"embeddable":true,"href":"https:\/\/brasserie-restaurant-la-mazarine.fr\/index.php?rest_route=%2Fwp%2Fv2%2Fcomments&post=906"}],"version-history":[{"count":9,"href":"https:\/\/brasserie-restaurant-la-mazarine.fr\/index.php?rest_route=\/wp\/v2\/pages\/906\/revisions"}],"predecessor-version":[{"id":926,"href":"https:\/\/brasserie-restaurant-la-mazarine.fr\/index.php?rest_route=\/wp\/v2\/pages\/906\/revisions\/926"}],"wp:attachment":[{"href":"https:\/\/brasserie-restaurant-la-mazarine.fr\/index.php?rest_route=%2Fwp%2Fv2%2Fmedia&parent=906"}],"curies":[{"name":"wp","href":"https:\/\/api.w.org\/{rel}","templated":true}]}}