{"id":1116,"date":"2025-03-27T14:16:43","date_gmt":"2025-03-27T13:16:43","guid":{"rendered":"https:\/\/brasserie-restaurant-la-mazarine.fr\/?page_id=1116"},"modified":"2026-05-05T12:14:00","modified_gmt":"2026-05-05T10:14:00","slug":"menu-fete-des-meres","status":"publish","type":"page","link":"https:\/\/brasserie-restaurant-la-mazarine.fr\/?page_id=1116","title":{"rendered":"Menu f\u00eate des m\u00e8res"},"content":{"rendered":"<p>[et_pb_section fb_built=\u00a0\u00bb1&Prime; _builder_version=\u00a0\u00bb4.22.1&Prime; _module_preset=\u00a0\u00bbdefault\u00a0\u00bb custom_padding=\u00a0\u00bb0px||0px|||\u00a0\u00bb global_colors_info=\u00a0\u00bb{}\u00a0\u00bb][et_pb_row _builder_version=\u00a0\u00bb4.22.1&Prime; _module_preset=\u00a0\u00bbdefault\u00a0\u00bb width=\u00a0\u00bb90%\u00a0\u00bb custom_padding=\u00a0\u00bb||0px|||\u00a0\u00bb global_colors_info=\u00a0\u00bb{}\u00a0\u00bb][et_pb_column type=\u00a0\u00bb4_4&Prime; _builder_version=\u00a0\u00bb4.22.1&Prime; _module_preset=\u00a0\u00bbdefault\u00a0\u00bb global_colors_info=\u00a0\u00bb{}\u00a0\u00bb][et_pb_text _builder_version=\u00a0\u00bb4.22.1&Prime; _module_preset=\u00a0\u00bbdefault\u00a0\u00bb text_font=\u00a0\u00bb||||||||\u00a0\u00bb header_font=\u00a0\u00bbStyle Script||||||||\u00a0\u00bb header_text_color=\u00a0\u00bb#dd3b8c\u00a0\u00bb header_font_size=\u00a0\u00bb43px\u00a0\u00bb header_letter_spacing=\u00a0\u00bb1px\u00a0\u00bb text_orientation=\u00a0\u00bbcenter\u00a0\u00bb custom_margin=\u00a0\u00bb||3px|||\u00a0\u00bb header_font_size_tablet=\u00a0\u00bb48px\u00a0\u00bb header_font_size_phone=\u00a0\u00bb41px\u00a0\u00bb header_font_size_last_edited=\u00a0\u00bbon|phone\u00a0\u00bb global_colors_info=\u00a0\u00bb{}\u00a0\u00bb]<\/p>\n<h1 style=\"text-align: center;\">Menu f\u00eate des m\u00e8res<\/h1>\n<p>[\/et_pb_text][\/et_pb_column][\/et_pb_row][et_pb_row _builder_version=\u00a0\u00bb4.22.1&Prime; _module_preset=\u00a0\u00bbdefault\u00a0\u00bb custom_padding=\u00a0\u00bb||0px|||\u00a0\u00bb global_colors_info=\u00a0\u00bb{}\u00a0\u00bb][et_pb_column type=\u00a0\u00bb4_4&Prime; _builder_version=\u00a0\u00bb4.22.1&Prime; _module_preset=\u00a0\u00bbdefault\u00a0\u00bb global_colors_info=\u00a0\u00bb{}\u00a0\u00bb][et_pb_text _builder_version=\u00a0\u00bb4.22.1&Prime; _module_preset=\u00a0\u00bbdefault\u00a0\u00bb text_font=\u00a0\u00bbAbyssinica SIL|||on|||||\u00a0\u00bb text_text_color=\u00a0\u00bb#003057&Prime; text_font_size=\u00a0\u00bb20px\u00a0\u00bb text_orientation=\u00a0\u00bbcenter\u00a0\u00bb custom_margin=\u00a0\u00bb-12px||42px|||\u00a0\u00bb global_colors_info=\u00a0\u00bb{}\u00a0\u00bb]<\/p>\n<p><b>Le 31 Mai \u00e0 midi<\/b><\/p>\n<p>[\/et_pb_text][et_pb_text _builder_version=\u00a0\u00bb4.22.1&Prime; _module_preset=\u00a0\u00bbdefault\u00a0\u00bb text_font=\u00a0\u00bbAbyssinica SIL||||||||\u00a0\u00bb text_text_color=\u00a0\u00bb#003057&Prime; text_font_size=\u00a0\u00bb20px\u00a0\u00bb text_orientation=\u00a0\u00bbcenter\u00a0\u00bb custom_margin=\u00a0\u00bb-12px||42px|||\u00a0\u00bb global_colors_info=\u00a0\u00bb{}\u00a0\u00bb]<\/p>\n<p><strong>La Mazarine c\u00e9l\u00e8bre les mamans avec un menu d\u2019exception !<\/strong> \ud83e\udd42\u2728<\/p>\n<p>[\/et_pb_text][et_pb_text _builder_version=\u00a0\u00bb4.22.1&Prime; _module_preset=\u00a0\u00bbdefault\u00a0\u00bb text_font=\u00a0\u00bbAbyssinica SIL||||||||\u00a0\u00bb text_text_color=\u00a0\u00bb#003057&Prime; text_font_size=\u00a0\u00bb20px\u00a0\u00bb text_orientation=\u00a0\u00bbcenter\u00a0\u00bb custom_margin=\u00a0\u00bb-12px||42px|||\u00a0\u00bb global_colors_info=\u00a0\u00bb{}\u00a0\u00bb]<\/p>\n<p><span style=\"text-decoration: underline;\"><b>R\u00e9servation conseill\u00e9e<\/b><\/span><\/p>\n<p>[\/et_pb_text][et_pb_text _builder_version=\u00a0\u00bb4.22.1&Prime; _module_preset=\u00a0\u00bbdefault\u00a0\u00bb text_font=\u00a0\u00bbAbyssinica SIL|||on|||||\u00a0\u00bb text_text_color=\u00a0\u00bb#003057&Prime; text_font_size=\u00a0\u00bb22px\u00a0\u00bb text_orientation=\u00a0\u00bbcenter\u00a0\u00bb custom_margin=\u00a0\u00bb-12px||35px|||\u00a0\u00bb global_colors_info=\u00a0\u00bb{}\u00a0\u00bb]<\/p>\n<p><b>MENU \u00e0 48.00\u20ac<\/b><\/p>\n<p>[\/et_pb_text][et_pb_text _builder_version=\u00a0\u00bb4.22.1&Prime; _module_preset=\u00a0\u00bbdefault\u00a0\u00bb text_font=\u00a0\u00bbAbyssinica SIL|||on|||||\u00a0\u00bb text_text_color=\u00a0\u00bb#dd3b8c\u00a0\u00bb text_font_size=\u00a0\u00bb22px\u00a0\u00bb text_orientation=\u00a0\u00bbcenter\u00a0\u00bb custom_margin=\u00a0\u00bb-12px||35px|||\u00a0\u00bb global_colors_info=\u00a0\u00bb{}\u00a0\u00bb]<\/p>\n<p><b>Entr\u00e9e<\/b><\/p>\n<p>[\/et_pb_text][et_pb_text _builder_version=\u00a0\u00bb4.22.1&Prime; _module_preset=\u00a0\u00bbdefault\u00a0\u00bb text_font=\u00a0\u00bbAbyssinica SIL||||||||\u00a0\u00bb text_text_color=\u00a0\u00bb#003057&Prime; text_font_size=\u00a0\u00bb18px\u00a0\u00bb text_orientation=\u00a0\u00bbcenter\u00a0\u00bb custom_margin=\u00a0\u00bb-12px|||||\u00a0\u00bb global_colors_info=\u00a0\u00bb{}\u00a0\u00bb]<\/p>\n<p>Foie gras mi-cuit maison<\/p>\n<p>Noix de Saint Jacques sauce corail<\/p>\n<p>[\/et_pb_text][et_pb_divider color=\u00a0\u00bb#003057&Prime; divider_weight=\u00a0\u00bb2px\u00a0\u00bb _builder_version=\u00a0\u00bb4.22.1&Prime; _module_preset=\u00a0\u00bbdefault\u00a0\u00bb width=\u00a0\u00bb35%\u00a0\u00bb width_tablet=\u00a0\u00bb35%\u00a0\u00bb width_phone=\u00a0\u00bb35%\u00a0\u00bb width_last_edited=\u00a0\u00bbon|phone\u00a0\u00bb module_alignment=\u00a0\u00bbcenter\u00a0\u00bb custom_margin=\u00a0\u00bb||17px|||\u00a0\u00bb animation_style=\u00a0\u00bbslide\u00a0\u00bb animation_direction=\u00a0\u00bbleft\u00a0\u00bb global_colors_info=\u00a0\u00bb{}\u00a0\u00bb][\/et_pb_divider][et_pb_text _builder_version=\u00a0\u00bb4.22.1&Prime; _module_preset=\u00a0\u00bbdefault\u00a0\u00bb text_font=\u00a0\u00bbAbyssinica SIL|||on|||||\u00a0\u00bb text_text_color=\u00a0\u00bb#dd3b8c\u00a0\u00bb text_font_size=\u00a0\u00bb22px\u00a0\u00bb text_orientation=\u00a0\u00bbcenter\u00a0\u00bb custom_margin=\u00a0\u00bb-12px||35px|||\u00a0\u00bb global_colors_info=\u00a0\u00bb{}\u00a0\u00bb]<\/p>\n<p><b>Plat<\/b><\/p>\n<p>[\/et_pb_text][et_pb_text _builder_version=\u00a0\u00bb4.22.1&Prime; _module_preset=\u00a0\u00bbdefault\u00a0\u00bb text_font=\u00a0\u00bbAbyssinica SIL||||||||\u00a0\u00bb text_text_color=\u00a0\u00bb#003057&Prime; text_font_size=\u00a0\u00bb18px\u00a0\u00bb text_orientation=\u00a0\u00bbcenter\u00a0\u00bb custom_margin=\u00a0\u00bb-12px|||||\u00a0\u00bb global_colors_info=\u00a0\u00bb{}\u00a0\u00bb]<\/p>\n<p>Veau fermier de l&rsquo;Aveyron, sauce Morilles<\/p>\n<p>ou<\/p>\n<p>Turbot sauce vierge, huile d&rsquo;olive du Clos la Neuve et ses pointes d&rsquo;Asperges<\/p>\n<p>[\/et_pb_text][et_pb_divider color=\u00a0\u00bb#003057&Prime; divider_weight=\u00a0\u00bb2px\u00a0\u00bb _builder_version=\u00a0\u00bb4.22.1&Prime; _module_preset=\u00a0\u00bbdefault\u00a0\u00bb width=\u00a0\u00bb35%\u00a0\u00bb width_tablet=\u00a0\u00bb35%\u00a0\u00bb width_phone=\u00a0\u00bb35%\u00a0\u00bb width_last_edited=\u00a0\u00bbon|phone\u00a0\u00bb module_alignment=\u00a0\u00bbcenter\u00a0\u00bb custom_margin=\u00a0\u00bb||17px|||\u00a0\u00bb animation_style=\u00a0\u00bbslide\u00a0\u00bb animation_direction=\u00a0\u00bbright\u00a0\u00bb global_colors_info=\u00a0\u00bb{}\u00a0\u00bb][\/et_pb_divider][et_pb_text _builder_version=\u00a0\u00bb4.22.1&Prime; _module_preset=\u00a0\u00bbdefault\u00a0\u00bb text_font=\u00a0\u00bbAbyssinica SIL|||on|||||\u00a0\u00bb text_text_color=\u00a0\u00bb#dd3b8c\u00a0\u00bb text_font_size=\u00a0\u00bb22px\u00a0\u00bb text_orientation=\u00a0\u00bbcenter\u00a0\u00bb custom_margin=\u00a0\u00bb-12px||35px|||\u00a0\u00bb global_colors_info=\u00a0\u00bb{}\u00a0\u00bb]<\/p>\n<p><b>Dessert<\/b><\/p>\n<p>[\/et_pb_text][et_pb_text _builder_version=\u00a0\u00bb4.22.1&Prime; _module_preset=\u00a0\u00bbdefault\u00a0\u00bb text_font=\u00a0\u00bbAbyssinica SIL||||||||\u00a0\u00bb text_text_color=\u00a0\u00bb#003057&Prime; text_font_size=\u00a0\u00bb18px\u00a0\u00bb text_orientation=\u00a0\u00bbcenter\u00a0\u00bb custom_margin=\u00a0\u00bb-12px|||||\u00a0\u00bb global_colors_info=\u00a0\u00bb{}\u00a0\u00bb]<\/p>\n<p>Assiette 3 fromages<\/p>\n<p>ou<\/p>\n<p>Fraisier<\/p>\n<p>ou<\/p>\n<p>Moelleu au chocolat<\/p>\n<p>[\/et_pb_text][et_pb_divider color=\u00a0\u00bb#003057&Prime; divider_weight=\u00a0\u00bb2px\u00a0\u00bb _builder_version=\u00a0\u00bb4.22.1&Prime; _module_preset=\u00a0\u00bbdefault\u00a0\u00bb width=\u00a0\u00bb35%\u00a0\u00bb width_tablet=\u00a0\u00bb35%\u00a0\u00bb width_phone=\u00a0\u00bb35%\u00a0\u00bb width_last_edited=\u00a0\u00bbon|phone\u00a0\u00bb module_alignment=\u00a0\u00bbcenter\u00a0\u00bb custom_margin=\u00a0\u00bb||17px|||\u00a0\u00bb animation_style=\u00a0\u00bbslide\u00a0\u00bb animation_direction=\u00a0\u00bbright\u00a0\u00bb global_colors_info=\u00a0\u00bb{}\u00a0\u00bb][\/et_pb_divider][et_pb_text _builder_version=\u00a0\u00bb4.22.1&Prime; _module_preset=\u00a0\u00bbdefault\u00a0\u00bb text_font=\u00a0\u00bbAbyssinica SIL|||on|||||\u00a0\u00bb text_text_color=\u00a0\u00bb#003057&Prime; text_font_size=\u00a0\u00bb20px\u00a0\u00bb text_orientation=\u00a0\u00bbcenter\u00a0\u00bb custom_margin=\u00a0\u00bb-12px||31px|||\u00a0\u00bb custom_padding=\u00a0\u00bb6px|||||\u00a0\u00bb global_colors_info=\u00a0\u00bb{}\u00a0\u00bb]<\/p>\n<p><strong>Menu enfant 17.00\u20ac<\/strong><\/p>\n<p>[\/et_pb_text][dsm_button button_one_url=\u00a0\u00bbhttps:\/\/brasserie-restaurant-la-mazarine.fr\/?page_id=906&Prime; button_two_text=\u00a0\u00bbR\u00e9server\u00a0\u00bb button_two_url=\u00a0\u00bbhttps:\/\/brasserie-restaurant-la-mazarine.fr\/?page_id=906&Prime; button_alignment=\u00a0\u00bbcenter\u00a0\u00bb _builder_version=\u00a0\u00bb4.22.1&Prime; _module_preset=\u00a0\u00bbdefault\u00a0\u00bb custom_button_one=\u00a0\u00bbon\u00a0\u00bb button_one_text_size=\u00a0\u00bb21px\u00a0\u00bb button_one_text_color=\u00a0\u00bb#003868&Prime; button_one_bg_color=\u00a0\u00bb#f14198&Prime; button_one_font=\u00a0\u00bbAbyssinica SIL||||||||\u00a0\u00bb button_one_custom_padding=\u00a0\u00bb||||false|false\u00a0\u00bb custom_button_two=\u00a0\u00bbon\u00a0\u00bb button_two_text_size=\u00a0\u00bb21px\u00a0\u00bb button_two_text_color=\u00a0\u00bb#FFFFFF\u00a0\u00bb button_two_bg_color=\u00a0\u00bb#dd3b8c\u00a0\u00bb button_two_border_color=\u00a0\u00bb#dd3b8c\u00a0\u00bb button_two_font=\u00a0\u00bbAbyssinica SIL||||on|||#dd3b8c|\u00a0\u00bb button_two_icon=\u00a0\u00bb&#xf004;||fa||900&Prime; custom_margin_tablet=\u00a0\u00bb\u00a0\u00bb custom_margin_phone=\u00a0\u00bb-17px||||false|false\u00a0\u00bb custom_margin_last_edited=\u00a0\u00bbon|phone\u00a0\u00bb custom_padding=\u00a0\u00bb||60px|||\u00a0\u00bb animation_style=\u00a0\u00bbslide\u00a0\u00bb global_colors_info=\u00a0\u00bb{}\u00a0\u00bb][\/dsm_button][\/et_pb_column][\/et_pb_row][\/et_pb_section]<\/p>\n","protected":false},"excerpt":{"rendered":"<p>Menu f\u00eate des m\u00e8resLe 31 Mai \u00e0 midiLa Mazarine c\u00e9l\u00e8bre les mamans avec un menu d\u2019exception ! \ud83e\udd42\u2728R\u00e9servation conseill\u00e9eMENU \u00e0 48.00\u20acEntr\u00e9eFoie gras mi-cuit maison Noix de Saint Jacques sauce corailPlatVeau fermier de l&rsquo;Aveyron, sauce Morilles ou Turbot sauce vierge, huile d&rsquo;olive du Clos la Neuve et ses pointes d&rsquo;AspergesDessertAssiette 3 fromages ou Fraisier ou Moelleu au chocolatMenu enfant 17.00\u20ac<div class=\"et_pb_module dsm_button dsm_button_0 et_animated et_pb_bg_layout_light\">\n\t\t\t\t\n\t\t\t\t\n\t\t\t\t\n\t\t\t\t\n\t\t\t\t\n\t\t\t\t\n\t\t\t\t<div class=\"et_pb_module_inner\">\n\t\t\t\t\t<div class=\"et_pb_button_module_wrappers dsm_button_0_wrapper et_pb_button_alignment_center et_pb_module\">\n\t\t\t\t<a class=\"et_pb_button et_pb_button_two et_pb_custom_button_icon et_pb_bg_layout_light dsm-none \"  href=https:\/\/brasserie-restaurant-la-mazarine.fr\/?page_id=906 data-icon=\"&#xf004;\" data-dsm-lightbox-id=\"dsm_button_two_lightbox dsm_button_0\"><span>R\u00e9server<\/span><\/a>\n\t\t\t<\/div>\n\t\t\t\t<\/div>\n\t\t\t<\/div><\/p>\n","protected":false},"author":1,"featured_media":0,"parent":0,"menu_order":0,"comment_status":"closed","ping_status":"closed","template":"","meta":{"_et_pb_use_builder":"on","_et_pb_old_content":"","_et_gb_content_width":"","_monsterinsights_skip_tracking":false,"_monsterinsights_sitenote_active":false,"_monsterinsights_sitenote_note":"","_monsterinsights_sitenote_category":0,"footnotes":""},"class_list":["post-1116","page","type-page","status-publish","hentry"],"yoast_head":"<!-- This site is optimized with the Yoast SEO plugin v27.6 - https:\/\/yoast.com\/product\/yoast-seo-wordpress\/ -->\n<title>Menu f\u00eate des m\u00e8res - La Mazarine<\/title>\n<meta name=\"description\" content=\"Le restaurant La Mazarine Les Milles c\u00e9l\u00e8bre les mamans avec un menu d\u2019exception ! R\u00e9servez d\u00e8s maintenant votre table !\" \/>\n<meta name=\"robots\" content=\"index, follow, max-snippet:-1, max-image-preview:large, max-video-preview:-1\" \/>\n<link rel=\"canonical\" href=\"https:\/\/brasserie-restaurant-la-mazarine.fr\/?page_id=1116\" \/>\n<meta property=\"og:locale\" content=\"fr_FR\" \/>\n<meta property=\"og:type\" content=\"article\" \/>\n<meta property=\"og:title\" content=\"Menu f\u00eate des m\u00e8res - La Mazarine\" \/>\n<meta property=\"og:description\" content=\"Le restaurant La Mazarine Les Milles c\u00e9l\u00e8bre les mamans avec un menu d\u2019exception ! R\u00e9servez d\u00e8s maintenant votre table !\" \/>\n<meta property=\"og:url\" content=\"https:\/\/brasserie-restaurant-la-mazarine.fr\/?page_id=1116\" \/>\n<meta property=\"og:site_name\" content=\"La Mazarine\" \/>\n<meta property=\"article:modified_time\" content=\"2026-05-05T10:14:00+00:00\" \/>\n<meta name=\"twitter:card\" content=\"summary_large_image\" \/>\n<meta name=\"twitter:label1\" content=\"Dur\u00e9e de lecture estim\u00e9e\" \/>\n\t<meta name=\"twitter:data1\" content=\"1 minute\" \/>\n<script type=\"application\/ld+json\" class=\"yoast-schema-graph\">{\"@context\":\"https:\\\/\\\/schema.org\",\"@graph\":[{\"@type\":\"WebPage\",\"@id\":\"https:\\\/\\\/brasserie-restaurant-la-mazarine.fr\\\/?page_id=1116\",\"url\":\"https:\\\/\\\/brasserie-restaurant-la-mazarine.fr\\\/?page_id=1116\",\"name\":\"Menu f\u00eate des m\u00e8res - La Mazarine\",\"isPartOf\":{\"@id\":\"https:\\\/\\\/brasserie-restaurant-la-mazarine.fr\\\/#website\"},\"datePublished\":\"2025-03-27T13:16:43+00:00\",\"dateModified\":\"2026-05-05T10:14:00+00:00\",\"description\":\"Le restaurant La Mazarine Les Milles c\u00e9l\u00e8bre les mamans avec un menu d\u2019exception ! R\u00e9servez d\u00e8s maintenant votre table !\",\"breadcrumb\":{\"@id\":\"https:\\\/\\\/brasserie-restaurant-la-mazarine.fr\\\/?page_id=1116#breadcrumb\"},\"inLanguage\":\"fr-FR\",\"potentialAction\":[{\"@type\":\"ReadAction\",\"target\":[\"https:\\\/\\\/brasserie-restaurant-la-mazarine.fr\\\/?page_id=1116\"]}]},{\"@type\":\"BreadcrumbList\",\"@id\":\"https:\\\/\\\/brasserie-restaurant-la-mazarine.fr\\\/?page_id=1116#breadcrumb\",\"itemListElement\":[{\"@type\":\"ListItem\",\"position\":1,\"name\":\"Accueil\",\"item\":\"https:\\\/\\\/brasserie-restaurant-la-mazarine.fr\\\/\"},{\"@type\":\"ListItem\",\"position\":2,\"name\":\"Menu f\u00eate des m\u00e8res\"}]},{\"@type\":\"WebSite\",\"@id\":\"https:\\\/\\\/brasserie-restaurant-la-mazarine.fr\\\/#website\",\"url\":\"https:\\\/\\\/brasserie-restaurant-la-mazarine.fr\\\/\",\"name\":\"La Mazarine\",\"description\":\"Brasserie Restaurant Les Milles\",\"publisher\":{\"@id\":\"https:\\\/\\\/brasserie-restaurant-la-mazarine.fr\\\/#organization\"},\"potentialAction\":[{\"@type\":\"SearchAction\",\"target\":{\"@type\":\"EntryPoint\",\"urlTemplate\":\"https:\\\/\\\/brasserie-restaurant-la-mazarine.fr\\\/?s={search_term_string}\"},\"query-input\":{\"@type\":\"PropertyValueSpecification\",\"valueRequired\":true,\"valueName\":\"search_term_string\"}}],\"inLanguage\":\"fr-FR\"},{\"@type\":\"Organization\",\"@id\":\"https:\\\/\\\/brasserie-restaurant-la-mazarine.fr\\\/#organization\",\"name\":\"La Mazarine\",\"url\":\"https:\\\/\\\/brasserie-restaurant-la-mazarine.fr\\\/\",\"logo\":{\"@type\":\"ImageObject\",\"inLanguage\":\"fr-FR\",\"@id\":\"https:\\\/\\\/brasserie-restaurant-la-mazarine.fr\\\/#\\\/schema\\\/logo\\\/image\\\/\",\"url\":\"https:\\\/\\\/brasserie-restaurant-la-mazarine.fr\\\/wp-content\\\/uploads\\\/2023\\\/11\\\/Brasserie-La-Mazarine-Les-Milles.png\",\"contentUrl\":\"https:\\\/\\\/brasserie-restaurant-la-mazarine.fr\\\/wp-content\\\/uploads\\\/2023\\\/11\\\/Brasserie-La-Mazarine-Les-Milles.png\",\"width\":500,\"height\":250,\"caption\":\"La Mazarine\"},\"image\":{\"@id\":\"https:\\\/\\\/brasserie-restaurant-la-mazarine.fr\\\/#\\\/schema\\\/logo\\\/image\\\/\"},\"sameAs\":[\"https:\\\/\\\/www.instagram.com\\\/brasserie.lamazarine\\\/?hl=fr\"]}]}<\/script>\n<!-- \/ Yoast SEO plugin. -->","yoast_head_json":{"title":"Menu f\u00eate des m\u00e8res - La Mazarine","description":"Le restaurant La Mazarine Les Milles c\u00e9l\u00e8bre les mamans avec un menu d\u2019exception ! R\u00e9servez d\u00e8s maintenant votre table !","robots":{"index":"index","follow":"follow","max-snippet":"max-snippet:-1","max-image-preview":"max-image-preview:large","max-video-preview":"max-video-preview:-1"},"canonical":"https:\/\/brasserie-restaurant-la-mazarine.fr\/?page_id=1116","og_locale":"fr_FR","og_type":"article","og_title":"Menu f\u00eate des m\u00e8res - La Mazarine","og_description":"Le restaurant La Mazarine Les Milles c\u00e9l\u00e8bre les mamans avec un menu d\u2019exception ! R\u00e9servez d\u00e8s maintenant votre table !","og_url":"https:\/\/brasserie-restaurant-la-mazarine.fr\/?page_id=1116","og_site_name":"La Mazarine","article_modified_time":"2026-05-05T10:14:00+00:00","twitter_card":"summary_large_image","twitter_misc":{"Dur\u00e9e de lecture estim\u00e9e":"1 minute"},"schema":{"@context":"https:\/\/schema.org","@graph":[{"@type":"WebPage","@id":"https:\/\/brasserie-restaurant-la-mazarine.fr\/?page_id=1116","url":"https:\/\/brasserie-restaurant-la-mazarine.fr\/?page_id=1116","name":"Menu f\u00eate des m\u00e8res - La Mazarine","isPartOf":{"@id":"https:\/\/brasserie-restaurant-la-mazarine.fr\/#website"},"datePublished":"2025-03-27T13:16:43+00:00","dateModified":"2026-05-05T10:14:00+00:00","description":"Le restaurant La Mazarine Les Milles c\u00e9l\u00e8bre les mamans avec un menu d\u2019exception ! R\u00e9servez d\u00e8s maintenant votre table !","breadcrumb":{"@id":"https:\/\/brasserie-restaurant-la-mazarine.fr\/?page_id=1116#breadcrumb"},"inLanguage":"fr-FR","potentialAction":[{"@type":"ReadAction","target":["https:\/\/brasserie-restaurant-la-mazarine.fr\/?page_id=1116"]}]},{"@type":"BreadcrumbList","@id":"https:\/\/brasserie-restaurant-la-mazarine.fr\/?page_id=1116#breadcrumb","itemListElement":[{"@type":"ListItem","position":1,"name":"Accueil","item":"https:\/\/brasserie-restaurant-la-mazarine.fr\/"},{"@type":"ListItem","position":2,"name":"Menu f\u00eate des m\u00e8res"}]},{"@type":"WebSite","@id":"https:\/\/brasserie-restaurant-la-mazarine.fr\/#website","url":"https:\/\/brasserie-restaurant-la-mazarine.fr\/","name":"La Mazarine","description":"Brasserie Restaurant Les Milles","publisher":{"@id":"https:\/\/brasserie-restaurant-la-mazarine.fr\/#organization"},"potentialAction":[{"@type":"SearchAction","target":{"@type":"EntryPoint","urlTemplate":"https:\/\/brasserie-restaurant-la-mazarine.fr\/?s={search_term_string}"},"query-input":{"@type":"PropertyValueSpecification","valueRequired":true,"valueName":"search_term_string"}}],"inLanguage":"fr-FR"},{"@type":"Organization","@id":"https:\/\/brasserie-restaurant-la-mazarine.fr\/#organization","name":"La Mazarine","url":"https:\/\/brasserie-restaurant-la-mazarine.fr\/","logo":{"@type":"ImageObject","inLanguage":"fr-FR","@id":"https:\/\/brasserie-restaurant-la-mazarine.fr\/#\/schema\/logo\/image\/","url":"https:\/\/brasserie-restaurant-la-mazarine.fr\/wp-content\/uploads\/2023\/11\/Brasserie-La-Mazarine-Les-Milles.png","contentUrl":"https:\/\/brasserie-restaurant-la-mazarine.fr\/wp-content\/uploads\/2023\/11\/Brasserie-La-Mazarine-Les-Milles.png","width":500,"height":250,"caption":"La Mazarine"},"image":{"@id":"https:\/\/brasserie-restaurant-la-mazarine.fr\/#\/schema\/logo\/image\/"},"sameAs":["https:\/\/www.instagram.com\/brasserie.lamazarine\/?hl=fr"]}]}},"_links":{"self":[{"href":"https:\/\/brasserie-restaurant-la-mazarine.fr\/index.php?rest_route=\/wp\/v2\/pages\/1116","targetHints":{"allow":["GET"]}}],"collection":[{"href":"https:\/\/brasserie-restaurant-la-mazarine.fr\/index.php?rest_route=\/wp\/v2\/pages"}],"about":[{"href":"https:\/\/brasserie-restaurant-la-mazarine.fr\/index.php?rest_route=\/wp\/v2\/types\/page"}],"author":[{"embeddable":true,"href":"https:\/\/brasserie-restaurant-la-mazarine.fr\/index.php?rest_route=\/wp\/v2\/users\/1"}],"replies":[{"embeddable":true,"href":"https:\/\/brasserie-restaurant-la-mazarine.fr\/index.php?rest_route=%2Fwp%2Fv2%2Fcomments&post=1116"}],"version-history":[{"count":26,"href":"https:\/\/brasserie-restaurant-la-mazarine.fr\/index.php?rest_route=\/wp\/v2\/pages\/1116\/revisions"}],"predecessor-version":[{"id":1289,"href":"https:\/\/brasserie-restaurant-la-mazarine.fr\/index.php?rest_route=\/wp\/v2\/pages\/1116\/revisions\/1289"}],"wp:attachment":[{"href":"https:\/\/brasserie-restaurant-la-mazarine.fr\/index.php?rest_route=%2Fwp%2Fv2%2Fmedia&parent=1116"}],"curies":[{"name":"wp","href":"https:\/\/api.w.org\/{rel}","templated":true}]}}