{"id":1022,"date":"2024-10-01T14:51:42","date_gmt":"2024-10-01T12:51:42","guid":{"rendered":"https:\/\/brasserie-restaurant-la-mazarine.fr\/?page_id=1022"},"modified":"2025-09-16T09:46:12","modified_gmt":"2025-09-16T07:46:12","slug":"formule-a-emporter","status":"publish","type":"page","link":"https:\/\/brasserie-restaurant-la-mazarine.fr\/?page_id=1022","title":{"rendered":"Formule \u00e0 emporter"},"content":{"rendered":"<p>[et_pb_section fb_built=\u00a0\u00bb1&Prime; _builder_version=\u00a0\u00bb4.22.1&Prime; _module_preset=\u00a0\u00bbdefault\u00a0\u00bb custom_padding=\u00a0\u00bb0px||0px|||\u00a0\u00bb global_colors_info=\u00a0\u00bb{}\u00a0\u00bb][et_pb_row _builder_version=\u00a0\u00bb4.22.1&Prime; _module_preset=\u00a0\u00bbdefault\u00a0\u00bb width=\u00a0\u00bb90%\u00a0\u00bb custom_padding=\u00a0\u00bb||0px|||\u00a0\u00bb global_colors_info=\u00a0\u00bb{}\u00a0\u00bb][et_pb_column type=\u00a0\u00bb4_4&Prime; _builder_version=\u00a0\u00bb4.22.1&Prime; _module_preset=\u00a0\u00bbdefault\u00a0\u00bb global_colors_info=\u00a0\u00bb{}\u00a0\u00bb][et_pb_text _builder_version=\u00a0\u00bb4.22.1&Prime; _module_preset=\u00a0\u00bbdefault\u00a0\u00bb text_font=\u00a0\u00bb|||on|||||\u00a0\u00bb header_font=\u00a0\u00bbBree Serif||||||||\u00a0\u00bb header_text_color=\u00a0\u00bb#003057&Prime; header_font_size=\u00a0\u00bb37px\u00a0\u00bb header_letter_spacing=\u00a0\u00bb1px\u00a0\u00bb text_orientation=\u00a0\u00bbcenter\u00a0\u00bb custom_margin=\u00a0\u00bb||3px|||\u00a0\u00bb header_font_size_tablet=\u00a0\u00bb48px\u00a0\u00bb header_font_size_phone=\u00a0\u00bb30px\u00a0\u00bb header_font_size_last_edited=\u00a0\u00bbon|phone\u00a0\u00bb global_colors_info=\u00a0\u00bb{}\u00a0\u00bb]<\/p>\n<h1 style=\"text-align: center;\">Formule \u00e0 emporter<\/h1>\n<p>[\/et_pb_text][\/et_pb_column][\/et_pb_row][et_pb_row _builder_version=\u00a0\u00bb4.22.1&Prime; _module_preset=\u00a0\u00bbdefault\u00a0\u00bb custom_padding=\u00a0\u00bb||0px|||\u00a0\u00bb global_colors_info=\u00a0\u00bb{}\u00a0\u00bb][et_pb_column type=\u00a0\u00bb4_4&Prime; _builder_version=\u00a0\u00bb4.22.1&Prime; _module_preset=\u00a0\u00bbdefault\u00a0\u00bb global_colors_info=\u00a0\u00bb{}\u00a0\u00bb][et_pb_text _builder_version=\u00a0\u00bb4.22.1&Prime; _module_preset=\u00a0\u00bbdefault\u00a0\u00bb text_font=\u00a0\u00bbAbyssinica SIL||||||||\u00a0\u00bb text_text_color=\u00a0\u00bb#003057&Prime; text_font_size=\u00a0\u00bb18px\u00a0\u00bb text_orientation=\u00a0\u00bbcenter\u00a0\u00bb custom_margin=\u00a0\u00bb-12px|||||\u00a0\u00bb hover_enabled=\u00a0\u00bb0&Prime; global_colors_info=\u00a0\u00bb{}\u00a0\u00bb sticky_enabled=\u00a0\u00bb0&Prime;]<\/p>\n<p><strong>Formule \u00e0 emporter : Plat + Dessert \u00e0 partir de 21.00\u20ac<\/strong><\/p>\n<p>[\/et_pb_text][et_pb_text _builder_version=\u00a0\u00bb4.22.1&Prime; _module_preset=\u00a0\u00bbdefault\u00a0\u00bb text_font=\u00a0\u00bbAbyssinica SIL||||||||\u00a0\u00bb text_text_color=\u00a0\u00bb#003057&Prime; text_font_size=\u00a0\u00bb18px\u00a0\u00bb text_orientation=\u00a0\u00bbcenter\u00a0\u00bb custom_margin=\u00a0\u00bb-12px|||||\u00a0\u00bb global_colors_info=\u00a0\u00bb{}\u00a0\u00bb]<\/p>\n<p>Savourez les plats de la Mazarine chez vous avec notre formule \u00e0 emporter, alliant un plat savoureux et un dessert gourmand, soigneusement pr\u00e9par\u00e9s par notre \u00e9quipe. Que vous soyez \u00e0 la maison ou au bureau, profitez de la qualit\u00e9 et du raffinement de notre cuisine o\u00f9 que vous soyez.<\/p>\n<p>[\/et_pb_text][et_pb_text _builder_version=\u00a0\u00bb4.22.1&Prime; _module_preset=\u00a0\u00bbdefault\u00a0\u00bb text_font=\u00a0\u00bbAbyssinica SIL||||||||\u00a0\u00bb text_text_color=\u00a0\u00bb#003057&Prime; text_font_size=\u00a0\u00bb18px\u00a0\u00bb text_orientation=\u00a0\u00bbcenter\u00a0\u00bb custom_margin=\u00a0\u00bb-12px|||||\u00a0\u00bb global_colors_info=\u00a0\u00bb{}\u00a0\u00bb]<\/p>\n<p><strong>Pour conna\u00eetre la formule du jour et passer commande, appelez-nous !<\/strong><\/p>\n<p>[\/et_pb_text][et_pb_text disabled_on=\u00a0\u00bbon|off|off\u00a0\u00bb module_id=\u00a0\u00bbtel\u00a0\u00bb _builder_version=\u00a0\u00bb4.22.1&Prime; _module_preset=\u00a0\u00bbdefault\u00a0\u00bb text_font=\u00a0\u00bbAbyssinica SIL||||||||\u00a0\u00bb text_text_color=\u00a0\u00bb#eebb67&Prime; text_font_size=\u00a0\u00bb20px\u00a0\u00bb text_letter_spacing=\u00a0\u00bb1px\u00a0\u00bb max_width=\u00a0\u00bb100%\u00a0\u00bb custom_margin=\u00a0\u00bb-6px||0px|||\u00a0\u00bb custom_padding=\u00a0\u00bb||26px||false|false\u00a0\u00bb animation_style=\u00a0\u00bbfade\u00a0\u00bb global_colors_info=\u00a0\u00bb{}\u00a0\u00bb]<\/p>\n<p style=\"text-align: center;\"><span style=\"color: #000000;\"><a href=\"tel:04.42.24.48.95\" style=\"color: #000000;\"><span style=\"color: #eebb67;\">T\u00e9l\u00e9phone: <\/span><span style=\"text-decoration: underline; color: #eebb67;\">04.42.24.48.95<\/span><\/a><\/span><\/p>\n<p>[\/et_pb_text][dsm_button button_one_url=\u00a0\u00bbhttps:\/\/brasserie-restaurant-la-mazarine.fr\/?page_id=906&Prime; button_two_text=\u00a0\u00bbCommander\u00a0\u00bb button_two_url_type=\u00a0\u00bbphone\u00a0\u00bb button_two_phone_number=\u00a0\u00bb0442244895&Prime; button_alignment=\u00a0\u00bbcenter\u00a0\u00bb disabled_on=\u00a0\u00bboff|on|on\u00a0\u00bb _builder_version=\u00a0\u00bb4.22.1&Prime; _module_preset=\u00a0\u00bbdefault\u00a0\u00bb custom_button_one=\u00a0\u00bbon\u00a0\u00bb button_one_text_size=\u00a0\u00bb21px\u00a0\u00bb button_one_text_color=\u00a0\u00bb#003868&Prime; button_one_bg_color=\u00a0\u00bb#FFFFFF\u00a0\u00bb button_one_font=\u00a0\u00bbAbyssinica SIL||||||||\u00a0\u00bb button_one_custom_padding=\u00a0\u00bb||||false|false\u00a0\u00bb custom_button_two=\u00a0\u00bbon\u00a0\u00bb button_two_text_size=\u00a0\u00bb21px\u00a0\u00bb button_two_text_color=\u00a0\u00bb#003868&Prime; button_two_bg_color=\u00a0\u00bb#FFFFFF\u00a0\u00bb button_two_font=\u00a0\u00bbAbyssinica SIL||||||||\u00a0\u00bb custom_margin_tablet=\u00a0\u00bb\u00a0\u00bb custom_margin_phone=\u00a0\u00bb-17px||||false|false\u00a0\u00bb custom_margin_last_edited=\u00a0\u00bbon|phone\u00a0\u00bb animation_style=\u00a0\u00bbslide\u00a0\u00bb global_colors_info=\u00a0\u00bb{}\u00a0\u00bb][\/dsm_button][dsm_image_carousel gallery_ids=\u00a0\u00bb1029,1031,1032,1033,1035,1034,1036,1037&Prime; slide_to_show=\u00a0\u00bb1&Prime; speed=\u00a0\u00bb904&Prime; space_between=\u00a0\u00bb2&Prime; arrows=\u00a0\u00bboff\u00a0\u00bb dots=\u00a0\u00bboff\u00a0\u00bb grab=\u00a0\u00bboff\u00a0\u00bb _builder_version=\u00a0\u00bb4.22.1&Prime; _module_preset=\u00a0\u00bbdefault\u00a0\u00bb width=\u00a0\u00bb46%\u00a0\u00bb width_tablet=\u00a0\u00bb46%\u00a0\u00bb width_phone=\u00a0\u00bb100%\u00a0\u00bb width_last_edited=\u00a0\u00bbon|phone\u00a0\u00bb module_alignment=\u00a0\u00bbcenter\u00a0\u00bb border_radii_image=\u00a0\u00bbon|3px|3px|3px|3px\u00a0\u00bb border_width_all_image=\u00a0\u00bb3px\u00a0\u00bb border_color_all_image=\u00a0\u00bb#e7bd70&Prime; global_colors_info=\u00a0\u00bb{}\u00a0\u00bb][\/dsm_image_carousel][\/et_pb_column][\/et_pb_row][\/et_pb_section]<\/p>\n","protected":false},"excerpt":{"rendered":"<p>Formule \u00e0 emporterFormule \u00e0 emporter : Plat + Dessert \u00e0 partir de 21.00\u20acSavourez les plats de la Mazarine chez vous avec notre formule \u00e0 emporter, alliant un plat savoureux et un dessert gourmand, soigneusement pr\u00e9par\u00e9s par notre \u00e9quipe. Que vous soyez \u00e0 la maison ou au bureau, profitez de la qualit\u00e9 et du raffinement de notre cuisine o\u00f9 que vous soyez.Pour conna\u00eetre la formule du jour et passer commande, appelez-nous !T\u00e9l\u00e9phone: 04.42.24.48.95<div class=\"et_pb_module dsm_button dsm_button_0 et_animated et_pb_bg_layout_light\">\n\t\t\t\t\n\t\t\t\t\n\t\t\t\t\n\t\t\t\t\n\t\t\t\t\n\t\t\t\t\n\t\t\t\t<div class=\"et_pb_module_inner\">\n\t\t\t\t\t<div class=\"et_pb_button_module_wrappers dsm_button_0_wrapper et_pb_button_alignment_center et_pb_module\">\n\t\t\t\t<a class=\"et_pb_button et_pb_button_two et_pb_bg_layout_light dsm-none \"  href=tel:0442244895 data-dsm-lightbox-id=\"dsm_button_two_lightbox dsm_button_0\"><span>Commander<\/span><\/a>\n\t\t\t<\/div>\n\t\t\t\t<\/div>\n\t\t\t<\/div><div class=\"et_pb_with_border et_pb_module dsm_image_carousel dsm_image_carousel_0 dsm_image_carousel_arrow_outside dsm_image_carousel_arrow_mobile_inside \">\n\t\t\t\t\n\t\t\t\t\n\t\t\t\t\n\t\t\t\t\n\t\t\t\t\n\t\t\t\t\n\t\t\t\t<div class=\"et_pb_module_inner\">\n\t\t\t\t\t<div class=\"swiper-container dsm_image_carousel_container  dsm_image_carousel_carousel\" dir=\"ltr\"data-effect=\"default\"\n\t\t\tdata-slider-effect-shadows=\"false\"\n\t\t\tdata-slider-effect-coverflow-rotate=\"30\"\n\t\t\tdata-slider-effect-coverflow-depth=\"0\"\n\t\t\tdata-loop=\"true\"\n\t\t\tdata-slide-to-show=\"1\"\n\t\t\tdata-slide-to-show-tablet=\"1\"\n\t\t\tdata-slide-to-show-phone=\"1\"\n\t\t\tdata-slide-to-scroll=\"1\"\n\t\t\tdata-slide-to-scroll-tablet=\"1\"\n\t\t\tdata-slide-to-scroll-phone=\"1\"\n\t\t\tdata-space-between=\"2\"\n\t\t\tdata-space-between-tablet=\"2\"\n\t\t\tdata-space-between-phone=\"2\"\n\t\t\tdata-slide-row=\"1\"\n\t\t\tdata-centered-slides=\"false\"\n\t\t\tdata-speed=\"904\"\n\t\t\tdata-autoplay=\"true\"\n\t\t\tdata-autoplay-speed=\"3000\"\n\t\t\tdata-touch-move=\"true\"\n\t\t\tdata-grab=\"false\"\n\t\t\tdata-pause-on-hover=\"false\"\n\t\t\tdata-show-lightbox=\"false\"\n\t\t\tdata-lightbox-gallery=\"false\"\n\t\t\tdata-lightbox-caption=\"false\"\n\t\t\tdata-infinite-scrolling=\"false\"\n\t\t\tdata-slide-row-tablet=\"1\"\n\t\t\tdata-slide-row-phone=\"1\"\n\t\t\tdata-autoplay-viewport=80%\n\t\t\tdata-mousewheel=\"false\"\n\t\t\tdata-lazyload=\"false\"\n\t\t\tdata-type=\"carousel\"\n\t\t\tdata-slideshow-effect=\"default\"\n\t\t\tdata-slideshow-to-show=\"4\"\n\t\t\tdata-slideshow-to-show-tablet=\"4\"\n\t\t\tdata-slideshow-to-show-phone=\"\"\n\t\t\tdata-slider-orientation=\"horizontal\"\n\t\t\t\t\t\tdata-lightbox-title=\"false\"\n\n\t\t\t><div class=\"swiper-wrapper\"><div class=\"swiper-slide dsm_image_carousel_item\"><img loading=\"lazy\" decoding=\"async\" src=\"https:\/\/brasserie-restaurant-la-mazarine.fr\/wp-content\/uploads\/2024\/10\/Formule-a-emporter-La-Mazarine-photo-1.jpg\" alt=\"\" title=\"Formule \u00e0 emporter La Mazarine photo 1\" width=\"1000\" height=\"1000\" data-dsm-image-description=\"\" srcset=\"https:\/\/brasserie-restaurant-la-mazarine.fr\/wp-content\/uploads\/2024\/10\/Formule-a-emporter-La-Mazarine-photo-1.jpg 1000w, https:\/\/brasserie-restaurant-la-mazarine.fr\/wp-content\/uploads\/2024\/10\/Formule-a-emporter-La-Mazarine-photo-1-980x980.jpg 980w, https:\/\/brasserie-restaurant-la-mazarine.fr\/wp-content\/uploads\/2024\/10\/Formule-a-emporter-La-Mazarine-photo-1-480x480.jpg 480w\" sizes=\"auto, (min-width: 0px) and (max-width: 480px) 480px, (min-width: 481px) and (max-width: 980px) 980px, (min-width: 981px) 1000px, 100vw\" class=\" skip-lazy\" \/><\/div><div class=\"swiper-slide dsm_image_carousel_item\"><img loading=\"lazy\" decoding=\"async\" src=\"https:\/\/brasserie-restaurant-la-mazarine.fr\/wp-content\/uploads\/2024\/10\/Formule-a-emporter-La-Mazarine-photo-2.jpg\" alt=\"\" title=\"Formule \u00e0 emporter La Mazarine photo 2\" width=\"1000\" height=\"1000\" data-dsm-image-description=\"\" srcset=\"https:\/\/brasserie-restaurant-la-mazarine.fr\/wp-content\/uploads\/2024\/10\/Formule-a-emporter-La-Mazarine-photo-2.jpg 1000w, https:\/\/brasserie-restaurant-la-mazarine.fr\/wp-content\/uploads\/2024\/10\/Formule-a-emporter-La-Mazarine-photo-2-980x980.jpg 980w, https:\/\/brasserie-restaurant-la-mazarine.fr\/wp-content\/uploads\/2024\/10\/Formule-a-emporter-La-Mazarine-photo-2-480x480.jpg 480w\" sizes=\"auto, (min-width: 0px) and (max-width: 480px) 480px, (min-width: 481px) and (max-width: 980px) 980px, (min-width: 981px) 1000px, 100vw\" class=\" skip-lazy\" \/><\/div><div class=\"swiper-slide dsm_image_carousel_item\"><img loading=\"lazy\" decoding=\"async\" src=\"https:\/\/brasserie-restaurant-la-mazarine.fr\/wp-content\/uploads\/2024\/10\/Formule-a-emporter-La-Mazarine-photo-4.jpg\" alt=\"\" title=\"Formule \u00e0 emporter La Mazarine photo 4\" width=\"1000\" height=\"1000\" data-dsm-image-description=\"\" srcset=\"https:\/\/brasserie-restaurant-la-mazarine.fr\/wp-content\/uploads\/2024\/10\/Formule-a-emporter-La-Mazarine-photo-4.jpg 1000w, https:\/\/brasserie-restaurant-la-mazarine.fr\/wp-content\/uploads\/2024\/10\/Formule-a-emporter-La-Mazarine-photo-4-980x980.jpg 980w, https:\/\/brasserie-restaurant-la-mazarine.fr\/wp-content\/uploads\/2024\/10\/Formule-a-emporter-La-Mazarine-photo-4-480x480.jpg 480w\" sizes=\"auto, (min-width: 0px) and (max-width: 480px) 480px, (min-width: 481px) and (max-width: 980px) 980px, (min-width: 981px) 1000px, 100vw\" class=\" skip-lazy\" \/><\/div><div class=\"swiper-slide dsm_image_carousel_item\"><img loading=\"lazy\" decoding=\"async\" src=\"https:\/\/brasserie-restaurant-la-mazarine.fr\/wp-content\/uploads\/2024\/10\/Formule-a-emporter-La-Mazarine-photo-3.jpg\" alt=\"\" title=\"Formule \u00e0 emporter La Mazarine photo 3\" width=\"1000\" height=\"1000\" data-dsm-image-description=\"\" srcset=\"https:\/\/brasserie-restaurant-la-mazarine.fr\/wp-content\/uploads\/2024\/10\/Formule-a-emporter-La-Mazarine-photo-3.jpg 1000w, https:\/\/brasserie-restaurant-la-mazarine.fr\/wp-content\/uploads\/2024\/10\/Formule-a-emporter-La-Mazarine-photo-3-980x980.jpg 980w, https:\/\/brasserie-restaurant-la-mazarine.fr\/wp-content\/uploads\/2024\/10\/Formule-a-emporter-La-Mazarine-photo-3-480x480.jpg 480w\" sizes=\"auto, (min-width: 0px) and (max-width: 480px) 480px, (min-width: 481px) and (max-width: 980px) 980px, (min-width: 981px) 1000px, 100vw\" class=\" skip-lazy\" \/><\/div><div class=\"swiper-slide dsm_image_carousel_item\"><img loading=\"lazy\" decoding=\"async\" src=\"https:\/\/brasserie-restaurant-la-mazarine.fr\/wp-content\/uploads\/2024\/10\/Formule-a-emporter-La-Mazarine-photo-5.jpg\" alt=\"\" title=\"Formule \u00e0 emporter La Mazarine photo 5\" width=\"1000\" height=\"1000\" data-dsm-image-description=\"\" srcset=\"https:\/\/brasserie-restaurant-la-mazarine.fr\/wp-content\/uploads\/2024\/10\/Formule-a-emporter-La-Mazarine-photo-5.jpg 1000w, https:\/\/brasserie-restaurant-la-mazarine.fr\/wp-content\/uploads\/2024\/10\/Formule-a-emporter-La-Mazarine-photo-5-980x980.jpg 980w, https:\/\/brasserie-restaurant-la-mazarine.fr\/wp-content\/uploads\/2024\/10\/Formule-a-emporter-La-Mazarine-photo-5-480x480.jpg 480w\" sizes=\"auto, (min-width: 0px) and (max-width: 480px) 480px, (min-width: 481px) and (max-width: 980px) 980px, (min-width: 981px) 1000px, 100vw\" class=\" skip-lazy\" \/><\/div><div class=\"swiper-slide dsm_image_carousel_item\"><img loading=\"lazy\" decoding=\"async\" src=\"https:\/\/brasserie-restaurant-la-mazarine.fr\/wp-content\/uploads\/2024\/10\/Formule-a-emporter-La-Mazarine-photo-6.jpg\" alt=\"\" title=\"Formule \u00e0 emporter La Mazarine photo 6\" width=\"1000\" height=\"1000\" data-dsm-image-description=\"\" srcset=\"https:\/\/brasserie-restaurant-la-mazarine.fr\/wp-content\/uploads\/2024\/10\/Formule-a-emporter-La-Mazarine-photo-6.jpg 1000w, https:\/\/brasserie-restaurant-la-mazarine.fr\/wp-content\/uploads\/2024\/10\/Formule-a-emporter-La-Mazarine-photo-6-980x980.jpg 980w, https:\/\/brasserie-restaurant-la-mazarine.fr\/wp-content\/uploads\/2024\/10\/Formule-a-emporter-La-Mazarine-photo-6-480x480.jpg 480w\" sizes=\"auto, (min-width: 0px) and (max-width: 480px) 480px, (min-width: 481px) and (max-width: 980px) 980px, (min-width: 981px) 1000px, 100vw\" class=\" skip-lazy\" \/><\/div><div class=\"swiper-slide dsm_image_carousel_item\"><img loading=\"lazy\" decoding=\"async\" src=\"https:\/\/brasserie-restaurant-la-mazarine.fr\/wp-content\/uploads\/2024\/10\/Formule-a-emporter-La-Mazarine-photo-7.jpg\" alt=\"\" title=\"Formule \u00e0 emporter La Mazarine photo 7\" width=\"1000\" height=\"1000\" data-dsm-image-description=\"\" srcset=\"https:\/\/brasserie-restaurant-la-mazarine.fr\/wp-content\/uploads\/2024\/10\/Formule-a-emporter-La-Mazarine-photo-7.jpg 1000w, https:\/\/brasserie-restaurant-la-mazarine.fr\/wp-content\/uploads\/2024\/10\/Formule-a-emporter-La-Mazarine-photo-7-980x980.jpg 980w, https:\/\/brasserie-restaurant-la-mazarine.fr\/wp-content\/uploads\/2024\/10\/Formule-a-emporter-La-Mazarine-photo-7-480x480.jpg 480w\" sizes=\"auto, (min-width: 0px) and (max-width: 480px) 480px, (min-width: 481px) and (max-width: 980px) 980px, (min-width: 981px) 1000px, 100vw\" class=\" skip-lazy\" \/><\/div><div class=\"swiper-slide dsm_image_carousel_item\"><img loading=\"lazy\" decoding=\"async\" src=\"https:\/\/brasserie-restaurant-la-mazarine.fr\/wp-content\/uploads\/2024\/10\/Formule-a-emporter-La-Mazarine-photo-8.jpg\" alt=\"\" title=\"Formule \u00e0 emporter La Mazarine photo 8\" width=\"1000\" height=\"1000\" data-dsm-image-description=\"\" srcset=\"https:\/\/brasserie-restaurant-la-mazarine.fr\/wp-content\/uploads\/2024\/10\/Formule-a-emporter-La-Mazarine-photo-8.jpg 1000w, https:\/\/brasserie-restaurant-la-mazarine.fr\/wp-content\/uploads\/2024\/10\/Formule-a-emporter-La-Mazarine-photo-8-980x980.jpg 980w, https:\/\/brasserie-restaurant-la-mazarine.fr\/wp-content\/uploads\/2024\/10\/Formule-a-emporter-La-Mazarine-photo-8-480x480.jpg 480w\" sizes=\"auto, (min-width: 0px) and (max-width: 480px) 480px, (min-width: 481px) and (max-width: 980px) 980px, (min-width: 981px) 1000px, 100vw\" class=\" skip-lazy\" \/><\/div><\/div><\/div>\n\t\t\t\t<\/div>\n\t\t\t<\/div><\/p>\n","protected":false},"author":1,"featured_media":0,"parent":0,"menu_order":0,"comment_status":"closed","ping_status":"closed","template":"","meta":{"_et_pb_use_builder":"on","_et_pb_old_content":"","_et_gb_content_width":"","_monsterinsights_skip_tracking":false,"_monsterinsights_sitenote_active":false,"_monsterinsights_sitenote_note":"","_monsterinsights_sitenote_category":0,"footnotes":""},"class_list":["post-1022","page","type-page","status-publish","hentry"],"yoast_head":"<!-- This site is optimized with the Yoast SEO plugin v27.4 - https:\/\/yoast.com\/product\/yoast-seo-wordpress\/ -->\n<title>Formule \u00e0 emporter - La Mazarine<\/title>\n<meta name=\"description\" content=\"Savourez les plats de la Mazarine chez vous avec notre formule \u00e0 emporter, alliant un plat savoureux et un dessert gourmand !\" \/>\n<meta name=\"robots\" content=\"index, follow, max-snippet:-1, max-image-preview:large, max-video-preview:-1\" \/>\n<link rel=\"canonical\" href=\"https:\/\/brasserie-restaurant-la-mazarine.fr\/?page_id=1022\" \/>\n<meta property=\"og:locale\" content=\"fr_FR\" \/>\n<meta property=\"og:type\" content=\"article\" \/>\n<meta property=\"og:title\" content=\"Formule \u00e0 emporter - La Mazarine\" \/>\n<meta property=\"og:description\" content=\"Savourez les plats de la Mazarine chez vous avec notre formule \u00e0 emporter, alliant un plat savoureux et un dessert gourmand !\" \/>\n<meta property=\"og:url\" content=\"https:\/\/brasserie-restaurant-la-mazarine.fr\/?page_id=1022\" \/>\n<meta property=\"og:site_name\" content=\"La Mazarine\" \/>\n<meta property=\"article:modified_time\" content=\"2025-09-16T07:46:12+00:00\" \/>\n<meta name=\"twitter:card\" content=\"summary_large_image\" \/>\n<meta name=\"twitter:label1\" content=\"Dur\u00e9e de lecture estim\u00e9e\" \/>\n\t<meta name=\"twitter:data1\" content=\"3 minutes\" \/>\n<script type=\"application\/ld+json\" class=\"yoast-schema-graph\">{\"@context\":\"https:\\\/\\\/schema.org\",\"@graph\":[{\"@type\":\"WebPage\",\"@id\":\"https:\\\/\\\/brasserie-restaurant-la-mazarine.fr\\\/?page_id=1022\",\"url\":\"https:\\\/\\\/brasserie-restaurant-la-mazarine.fr\\\/?page_id=1022\",\"name\":\"Formule \u00e0 emporter - La Mazarine\",\"isPartOf\":{\"@id\":\"https:\\\/\\\/brasserie-restaurant-la-mazarine.fr\\\/#website\"},\"datePublished\":\"2024-10-01T12:51:42+00:00\",\"dateModified\":\"2025-09-16T07:46:12+00:00\",\"description\":\"Savourez les plats de la Mazarine chez vous avec notre formule \u00e0 emporter, alliant un plat savoureux et un dessert gourmand !\",\"breadcrumb\":{\"@id\":\"https:\\\/\\\/brasserie-restaurant-la-mazarine.fr\\\/?page_id=1022#breadcrumb\"},\"inLanguage\":\"fr-FR\",\"potentialAction\":[{\"@type\":\"ReadAction\",\"target\":[\"https:\\\/\\\/brasserie-restaurant-la-mazarine.fr\\\/?page_id=1022\"]}]},{\"@type\":\"BreadcrumbList\",\"@id\":\"https:\\\/\\\/brasserie-restaurant-la-mazarine.fr\\\/?page_id=1022#breadcrumb\",\"itemListElement\":[{\"@type\":\"ListItem\",\"position\":1,\"name\":\"Accueil\",\"item\":\"https:\\\/\\\/brasserie-restaurant-la-mazarine.fr\\\/\"},{\"@type\":\"ListItem\",\"position\":2,\"name\":\"Formule \u00e0 emporter\"}]},{\"@type\":\"WebSite\",\"@id\":\"https:\\\/\\\/brasserie-restaurant-la-mazarine.fr\\\/#website\",\"url\":\"https:\\\/\\\/brasserie-restaurant-la-mazarine.fr\\\/\",\"name\":\"La Mazarine\",\"description\":\"Brasserie Restaurant Les Milles\",\"publisher\":{\"@id\":\"https:\\\/\\\/brasserie-restaurant-la-mazarine.fr\\\/#organization\"},\"potentialAction\":[{\"@type\":\"SearchAction\",\"target\":{\"@type\":\"EntryPoint\",\"urlTemplate\":\"https:\\\/\\\/brasserie-restaurant-la-mazarine.fr\\\/?s={search_term_string}\"},\"query-input\":{\"@type\":\"PropertyValueSpecification\",\"valueRequired\":true,\"valueName\":\"search_term_string\"}}],\"inLanguage\":\"fr-FR\"},{\"@type\":\"Organization\",\"@id\":\"https:\\\/\\\/brasserie-restaurant-la-mazarine.fr\\\/#organization\",\"name\":\"La Mazarine\",\"url\":\"https:\\\/\\\/brasserie-restaurant-la-mazarine.fr\\\/\",\"logo\":{\"@type\":\"ImageObject\",\"inLanguage\":\"fr-FR\",\"@id\":\"https:\\\/\\\/brasserie-restaurant-la-mazarine.fr\\\/#\\\/schema\\\/logo\\\/image\\\/\",\"url\":\"https:\\\/\\\/brasserie-restaurant-la-mazarine.fr\\\/wp-content\\\/uploads\\\/2023\\\/11\\\/Brasserie-La-Mazarine-Les-Milles.png\",\"contentUrl\":\"https:\\\/\\\/brasserie-restaurant-la-mazarine.fr\\\/wp-content\\\/uploads\\\/2023\\\/11\\\/Brasserie-La-Mazarine-Les-Milles.png\",\"width\":500,\"height\":250,\"caption\":\"La Mazarine\"},\"image\":{\"@id\":\"https:\\\/\\\/brasserie-restaurant-la-mazarine.fr\\\/#\\\/schema\\\/logo\\\/image\\\/\"},\"sameAs\":[\"https:\\\/\\\/www.instagram.com\\\/brasserie.lamazarine\\\/?hl=fr\"]}]}<\/script>\n<!-- \/ Yoast SEO plugin. -->","yoast_head_json":{"title":"Formule \u00e0 emporter - La Mazarine","description":"Savourez les plats de la Mazarine chez vous avec notre formule \u00e0 emporter, alliant un plat savoureux et un dessert gourmand !","robots":{"index":"index","follow":"follow","max-snippet":"max-snippet:-1","max-image-preview":"max-image-preview:large","max-video-preview":"max-video-preview:-1"},"canonical":"https:\/\/brasserie-restaurant-la-mazarine.fr\/?page_id=1022","og_locale":"fr_FR","og_type":"article","og_title":"Formule \u00e0 emporter - La Mazarine","og_description":"Savourez les plats de la Mazarine chez vous avec notre formule \u00e0 emporter, alliant un plat savoureux et un dessert gourmand !","og_url":"https:\/\/brasserie-restaurant-la-mazarine.fr\/?page_id=1022","og_site_name":"La Mazarine","article_modified_time":"2025-09-16T07:46:12+00:00","twitter_card":"summary_large_image","twitter_misc":{"Dur\u00e9e de lecture estim\u00e9e":"3 minutes"},"schema":{"@context":"https:\/\/schema.org","@graph":[{"@type":"WebPage","@id":"https:\/\/brasserie-restaurant-la-mazarine.fr\/?page_id=1022","url":"https:\/\/brasserie-restaurant-la-mazarine.fr\/?page_id=1022","name":"Formule \u00e0 emporter - La Mazarine","isPartOf":{"@id":"https:\/\/brasserie-restaurant-la-mazarine.fr\/#website"},"datePublished":"2024-10-01T12:51:42+00:00","dateModified":"2025-09-16T07:46:12+00:00","description":"Savourez les plats de la Mazarine chez vous avec notre formule \u00e0 emporter, alliant un plat savoureux et un dessert gourmand !","breadcrumb":{"@id":"https:\/\/brasserie-restaurant-la-mazarine.fr\/?page_id=1022#breadcrumb"},"inLanguage":"fr-FR","potentialAction":[{"@type":"ReadAction","target":["https:\/\/brasserie-restaurant-la-mazarine.fr\/?page_id=1022"]}]},{"@type":"BreadcrumbList","@id":"https:\/\/brasserie-restaurant-la-mazarine.fr\/?page_id=1022#breadcrumb","itemListElement":[{"@type":"ListItem","position":1,"name":"Accueil","item":"https:\/\/brasserie-restaurant-la-mazarine.fr\/"},{"@type":"ListItem","position":2,"name":"Formule \u00e0 emporter"}]},{"@type":"WebSite","@id":"https:\/\/brasserie-restaurant-la-mazarine.fr\/#website","url":"https:\/\/brasserie-restaurant-la-mazarine.fr\/","name":"La Mazarine","description":"Brasserie Restaurant Les Milles","publisher":{"@id":"https:\/\/brasserie-restaurant-la-mazarine.fr\/#organization"},"potentialAction":[{"@type":"SearchAction","target":{"@type":"EntryPoint","urlTemplate":"https:\/\/brasserie-restaurant-la-mazarine.fr\/?s={search_term_string}"},"query-input":{"@type":"PropertyValueSpecification","valueRequired":true,"valueName":"search_term_string"}}],"inLanguage":"fr-FR"},{"@type":"Organization","@id":"https:\/\/brasserie-restaurant-la-mazarine.fr\/#organization","name":"La Mazarine","url":"https:\/\/brasserie-restaurant-la-mazarine.fr\/","logo":{"@type":"ImageObject","inLanguage":"fr-FR","@id":"https:\/\/brasserie-restaurant-la-mazarine.fr\/#\/schema\/logo\/image\/","url":"https:\/\/brasserie-restaurant-la-mazarine.fr\/wp-content\/uploads\/2023\/11\/Brasserie-La-Mazarine-Les-Milles.png","contentUrl":"https:\/\/brasserie-restaurant-la-mazarine.fr\/wp-content\/uploads\/2023\/11\/Brasserie-La-Mazarine-Les-Milles.png","width":500,"height":250,"caption":"La Mazarine"},"image":{"@id":"https:\/\/brasserie-restaurant-la-mazarine.fr\/#\/schema\/logo\/image\/"},"sameAs":["https:\/\/www.instagram.com\/brasserie.lamazarine\/?hl=fr"]}]}},"_links":{"self":[{"href":"https:\/\/brasserie-restaurant-la-mazarine.fr\/index.php?rest_route=\/wp\/v2\/pages\/1022","targetHints":{"allow":["GET"]}}],"collection":[{"href":"https:\/\/brasserie-restaurant-la-mazarine.fr\/index.php?rest_route=\/wp\/v2\/pages"}],"about":[{"href":"https:\/\/brasserie-restaurant-la-mazarine.fr\/index.php?rest_route=\/wp\/v2\/types\/page"}],"author":[{"embeddable":true,"href":"https:\/\/brasserie-restaurant-la-mazarine.fr\/index.php?rest_route=\/wp\/v2\/users\/1"}],"replies":[{"embeddable":true,"href":"https:\/\/brasserie-restaurant-la-mazarine.fr\/index.php?rest_route=%2Fwp%2Fv2%2Fcomments&post=1022"}],"version-history":[{"count":20,"href":"https:\/\/brasserie-restaurant-la-mazarine.fr\/index.php?rest_route=\/wp\/v2\/pages\/1022\/revisions"}],"predecessor-version":[{"id":1179,"href":"https:\/\/brasserie-restaurant-la-mazarine.fr\/index.php?rest_route=\/wp\/v2\/pages\/1022\/revisions\/1179"}],"wp:attachment":[{"href":"https:\/\/brasserie-restaurant-la-mazarine.fr\/index.php?rest_route=%2Fwp%2Fv2%2Fmedia&parent=1022"}],"curies":[{"name":"wp","href":"https:\/\/api.w.org\/{rel}","templated":true}]}}